{"id":778,"date":"2012-10-24T09:45:15","date_gmt":"2012-10-24T07:45:15","guid":{"rendered":"http:\/\/wip-industrie.de\/?page_id=778"},"modified":"2012-10-24T09:45:15","modified_gmt":"2012-10-24T07:45:15","slug":"allgemeine-geschaftsbedingungen","status":"publish","type":"page","link":"https:\/\/wip-industrie.de\/en\/contact\/allgemeine-geschaftsbedingungen\/","title":{"rendered":"Allgemeine Gesch\u00e4ftsbedingungen"},"content":{"rendered":"<p>f\u00fcr Dienstleistungen der Firma<br \/>\n(Dienstleistungsvertrag)<br \/>\nWiP-Industriedienstleistungen<br \/>\nAm Hang 7<br \/>\nD-33415 Verl<br \/>\nTel.: +49 (0) 5246 \/ 93 25 70<br \/>\nFax: +49 (0) 5246 \/ 93 11 78<br \/>\nEmail: <a href=\"mailto:info@wip-industrie.de\">info@wip-industrie.de<\/a><\/p>\n<h4>\u00a7 1 Allgemeines , Geltungsbereich<\/h4>\n<p>(1) Unsere Verkaufsbedingungen gelten ausschlie\u00dflich; entgegenstehende oder von unseren Verkaufsbedingungen abweichende Bedingungen des Kunden erkennen wir nicht an, es sei denn, wir h\u00e4tten ausdr\u00fccklich schriftlich ihrer Geltung zugestimmt. Unsere Verkaufsbedingungen gelten auch dann, wenn wir in Kenntnis entgegenstehender oder von unseren Verkaufsbedingungen abweichender Bedingungen des Kunden die Lieferung an den Kunden vorbehaltlos ausf\u00fchren.<br \/>\n(2) Die nachstehenden allgemeinen Gesch\u00e4ftsbedingungen gelten f\u00fcr alle Rechtsgesch\u00e4fte der Dienstleistungsfirma WiP-Industriedienstleistungen \u2013 nachstehend Dienstleister genannt \u2013 mit seinem Vertragspartner \u2013 nachstehend Auftraggeber \u2013 genannt.<br \/>\n(3) Alle Vereinbarungen, die zwischen uns und dem Kunden zwecks Ausf\u00fchrung dieses Vertrages getroffen werden, sind in diesem Vertrag schriftlich niedergelegt.<br \/>\n(4) Im Einzelfall zwischen den Vertragsparteien getroffene Vereinbarungen (auch Nebenabreden, Erg\u00e4nzungen und \u00c4nderungen) haben in jedem Fall Vorrang vor diesen Gesch\u00e4ftsbedingungen.<br \/>\n(5) \u00c4nderungen dieser Gesch\u00e4ftsbedingungen, die vom Dienstleister vorgenommen wurden, werden dem Auftraggeber schriftlich bekannt gegeben. Sie gelten als genehmigt, wenn der Auftraggeber nicht schriftlich Widerspruch erhebt. Der Auftraggeber muss den Widerspruch innerhalb von 2 Wochen nach Bekanntgabe der \u00c4nderungen an den Dienstleister absenden.<br \/>\n(6) Unsere Verkaufsbedingungen gelten nur gegen\u00fcber Unternehmern im Sinn von \u00a7 310 Abs. 1 BGB.<\/p>\n<h4>\u00a7 2 Angebot, Angebotsunterlagen<\/h4>\n<p>(1) Ist die Bestellung als Angebot gem\u00e4\u00df \u00a7 145 BGB zu qualifizieren, so k\u00f6nnen wir dieses innerhalb von 2 Wochen annehmen.<br \/>\n(2) An Abbildungen, Zeichnungen, Kalkulationen und sonstigen Unterlagen behalten wir uns Eigentums- und Urheberrechte vor. Dies gilt auch f\u00fcr solche schriftlichen Unterlagen, die als &#8220;vertraulich&#8221; bezeichnet sind. Vor ihrer Weitergabe an Dritte bedarf der Kunde unserer ausdr\u00fccklichen schriftlichen Zustimmung.<\/p>\n<h4>\u00a7 3 Preise, Zahlungsbedingungen<\/h4>\n<p>(1) Sofern sich aus der Auftragsbest\u00e4tigung nichts anderes ergibt, gelten unsere Preise &#8220;ab Werk&#8221;, ausschlie\u00dflich Verpackung; diese wird gesondert in Rechnung gestellt.<br \/>\n(2) Die gesetzliche Mehrwertsteuer ist nicht in unseren Preisen eingeschlossen; sie wird in gesetzlicher H\u00f6he am Tag der Rechnungstellung in der Rechnung gesondert ausgewiesen.<br \/>\n(3) Der Abzug von Skonto bedarf besonderer schriftlicher Vereinbarung.<br \/>\n(4) Sofern sich aus der Auftragsbest\u00e4tigung nichts anderes ergibt, ist der Kaufpreis netto (ohne Abzug) innerhalb von 30 Tagen ab Rechnungsdatum zur Zahlung f\u00e4llig. Es gelten die gesetzlichen Regeln betreffend die Folgen des Zahlungsverzugs.<br \/>\n(5) Aufrechnungsrechte stehen dem Kunden nur zu, wenn seine Gegenanspr\u00fcche rechtskr\u00e4ftig festgestellt, unbestritten oder von uns anerkannt sind. Au\u00dferdem ist er zur Aus\u00fcbung eines Zur\u00fcckbehaltungsrechts insoweit befugt, als sein Gegenanspruch auf dem gleichen Vertragsverh\u00e4ltnis beruht.<\/p>\n<h4>\u00a7 4 Lieferzeit<\/h4>\n<p>(1) Der Beginn der von uns angegebenen Lieferzeit setzt die Abkl\u00e4rung aller technischen Fragen voraus.<br \/>\n(2) Die Einhaltung unserer Lieferverpflichtung setzt weiter die rechtzeitige und ordnungsgem\u00e4\u00dfe Erf\u00fcllung der Verpflichtung des Kunden voraus. Die Einrede des nicht erf\u00fcllten Vertrages bleibt vorbehalten.<br \/>\n(3) Kommt der Kunde in Annahmeverzug oder verletzt er schuldhaft sonstige Mitwirkungspflichten, so sind wir berechtigt, den uns insoweit entstehenden Schaden, einschlie\u00dflich etwaiger Mehraufwendungen ersetzt zu verlangen. Weitergehende Anspr\u00fcche bleiben vorbehalten.<br \/>\n(4) Sofern die Voraussetzungen von Abs. (3) vorliegen, geht die Gefahr eines zuf\u00e4lligen Untergangs oder einer zuf\u00e4lligen Verschlechterung der Kaufsache in dem Zeitpunkt auf den Kunden \u00fcber, in dem dieser in Annahme- oder Schuldnerverzug geraten ist.<br \/>\n(5) Wir haften nach den gesetzlichen Bestimmungen, soweit der zugrundeliegende Kaufvertrag ein Fixgesch\u00e4ft im Sinn von \u00a7 286 Abs. 2 Nr. 4 BGB oder von \u00a7 376 HGB ist. Wir haften auch nach den gesetzlichen Bestimmungen, sofern als Folge eines von uns zu vertretenden Lieferverzugs der Kunde berechtigt ist geltend zu machen, dass sein Interesse an der weiteren Vertragserf\u00fcllung in Fortfall geraten ist.<br \/>\n(6) Wir haften ferner nach den gesetzlichen Bestimmungen, sofern der Lieferverzug auf einer von uns zu vertretenden vors\u00e4tzlichen oder grob fahrl\u00e4ssigen Vertragsverletzung beruht; ein Verschulden unserer Vertreter oder Erf\u00fcllungsgehilfen ist uns zuzurechnen. Sofern der Lieferverzug nicht auf einer von uns zu vertretenden vors\u00e4tzlichen Vertragsverletzung beruht, ist unsere Schadensersatzhaftung auf den vorhersehbaren, typischerweise eintretenden Schaden begrenzt.<br \/>\n(7) Wir haften nach den gesetzlichen Vorschriften, soweit der von uns zu vertretende Lieferverzug auf einer leicht fahrl\u00e4ssigen Verletzung von wesentlichen Pflichten (Pflichten, deren Verletzung die Erreichung des Vertragszwecks gef\u00e4hrdet) oder auf einer Verletzung von Kardinalpflichten (Pflichten, deren Erf\u00fcllung die ordnungsgem\u00e4\u00dfe Durchf\u00fchrung des Vertrages \u00fcberhaupt erst erm\u00f6glicht und auf deren Einhaltung der Kunde regelm\u00e4\u00dfig vertraut) beruht, jedoch jeweils nur f\u00fcr den vorhersehbaren, vertragstypischen Schaden. F\u00fcr die leicht fahrl\u00e4ssige Verletzung anderer als der vorstehenden Pflichten haften wir nicht.<br \/>\n(8) Weitere gesetzliche Anspr\u00fcche und Rechte des Kunden bleiben vorbehalten.<\/p>\n<h4>\u00a7 5 Gefahren\u00fcbergang, Verpackungskosten<\/h4>\n<p>(1) Sofern sich aus der Auftragsbest\u00e4tigung nichts anderes ergibt, ist Lieferung &#8220;ab Werk&#8221; vereinbart.<br \/>\n(2) F\u00fcr die R\u00fccknahme von Verpackungen gelten gesonderte Vereinbarungen.<br \/>\n(3) Sofern der Kunde es w\u00fcnscht, werden wir die Lieferung durch eine Transportversicherung eindecken; die insoweit anfallenden Kosten tr\u00e4gt der Kunde.<\/p>\n<h4>\u00a7 6 Verschwiegenheitspflicht<\/h4>\n<p>(1) Der Dienstleister verpflichtet sich, w\u00e4hrend der Dauer des Dienstverh\u00e4ltnisses und auch nach deren Beendigung, \u00fcber alle Betriebs- und Gesch\u00e4ftsgeheimnisse des Auftraggebers Stillschweigen zu bewahren.<br \/>\n\u00a7 7 Salvatorische Klausel<br \/>\n(1) Sollten einzelne Bestimmungen dieses Vertrages unwirksam oder undurchf\u00fchrbar sein oder nach Vertragsschluss unwirksam oder undurchf\u00fchrbar werden, bleibt davon die Wirksamkeit des Vertrages im \u00dcbrigen unber\u00fchrt. An die Stelle der unwirksamen oder undurchf\u00fchrbaren Bestimmung soll diejenige wirksame und durchf\u00fchrbare Regelung treten, deren Wirkungen der wirtschaftlichen Zielsetzung am n\u00e4chsten kommen, die die Vertragsparteien mit der unwirksamen bzw. undurchf\u00fchrbaren Bestimmung verfolgt haben. Die vorstehenden Bestimmungen gelten entsprechend f\u00fcr den Fall, dass sich der Vertrag als l\u00fcckenhaft erweist.<\/p>\n<h4>\u00a7 8 M\u00e4ngelhaftung<\/h4>\n<p>(1) M\u00e4ngelanspr\u00fcche des Kunden setzen voraus, dass dieser seinen nach \u00a7 377 HGB geschuldeten Untersuchungs- und R\u00fcgeobliegenheiten ordnungsgem\u00e4\u00df nachgekommen ist.<br \/>\n(2) Soweit ein Mangel der Kaufsache vorliegt, ist der Kunde nach seiner Wahl zur Nacherf\u00fcllung in Form einer Mangelbeseitigung oder zur Lieferung einer neuen mangelfreien Sache berechtigt. Im Fall der Mangelbeseitigung sind wir verpflichtet, alle zum Zweck der Mangelbeseitigung erforderlichen Aufwendungen, insbesondere Transport-, Wege-, Arbeits- und Materialkosten zu tragen, soweit sich diese nicht dadurch erh\u00f6hen, dass die Kaufsache nach einem anderen Ort als dem Erf\u00fcllungsort verbracht wurde.<br \/>\n(3) Schl\u00e4gt die Nacherf\u00fcllung fehl, so ist der Kunde nach seiner Wahl berechtigt, R\u00fccktritt oder Minderung zu verlangen.<br \/>\n(4) Wir haften nach den gesetzlichen Bestimmungen, sofern der Kunde Schadensersatzanspr\u00fcche geltend macht, die auf Vorsatz oder grober Fahrl\u00e4ssigkeit, einschlie\u00dflich von Vorsatz oder grober Fahrl\u00e4ssigkeit unserer Vertreter oder Erf\u00fcllungsgehilfen beruhen. Soweit uns keine vors\u00e4tzliche Vertragsverletzung angelastet wird, ist die Schadensersatzhaftung auf den vorhersehbaren, typischerweise eintretenden Schaden begrenzt.<br \/>\n(5) Wir haften nach den gesetzlichen Bestimmungen, sofern wir schuldhaft eine wesentliche Vertragspflicht (Pflichten, deren Verletzung die Erreichung des Vertragszwecks gef\u00e4hrdet) sowie eine Kardinalpflichten (Pflichten, deren Erf\u00fcllung die ordnungsgem\u00e4\u00dfe Durchf\u00fchrung des Vertrages \u00fcberhaupt erst erm\u00f6glicht und auf deren Einhaltung der Kunde regelm\u00e4\u00dfig vertraut) verletzen, jedoch jeweils nur f\u00fcr den vorhersehbaren, vertragstypischen Schaden. F\u00fcr die leicht fahrl\u00e4ssige Verletzung anderer als der vorstehenden Pflichten haften wir nicht.<br \/>\n(6) Soweit dem Kunden ein Anspruch auf Ersatz des Schadens statt der Leistung zusteht, ist unsere Haftung auch im Rahmen von Abs. (3) auf Ersatz des vorhersehbaren, typischerweise eintretenden Schadens begrenzt. (Alternativ: Keine Regelung betreffend den Ersatz des Schadens statt der Leistung, so dass dann der Ausschluss gem\u00e4\u00df Abs. (8) unmittelbar eingreift.)<br \/>\n(7) Die Haftung wegen schuldhafter Verletzung des Lebens, des K\u00f6rpers oder der Gesundheit bleibt unber\u00fchrt; dies gilt auch f\u00fcr die zwingende Haftung nach dem Produkthaftungsgesetz.<br \/>\n(8) Soweit nicht vorstehend etwas Abweichendes geregelt, ist die Haftung ausgeschlossen.<br \/>\n(9) Die Verj\u00e4hrungsfrist f\u00fcr M\u00e4ngelanspr\u00fcche betr\u00e4gt 12 Monate, gerechnet ab Gefahren\u00fcbergang.<br \/>\n(10) Die Verj\u00e4hrungsfrist im Fall eines Lieferregresses nach den \u00a7\u00a7 478, 479 BGB bleibt unber\u00fchrt; sie betr\u00e4gt f\u00fcnf Jahre, gerechnet ab Ablieferung der mangelhaften Sache.<\/p>\n<h4>\u00a7 9 Gesamthaftung<\/h4>\n<p>(1) Eine weitergehende Haftung auf Schadensersatz als in \u00a7 6 vorgesehen, ist &#8211; ohne R\u00fccksicht auf die Rechtsnatur des geltend gemachten Anspruchs &#8211; ausgeschlossen. Dies gilt insbesondere f\u00fcr Schadensersatzanspr\u00fcche aus Verschulden bei Vertragsabschluss, wegen sonstiger Pflichtverletzungen oder wegen deliktischer Anspr\u00fcche auf Ersatz von Sachsch\u00e4den gem\u00e4\u00df \u00a7 823 BGB.<br \/>\n(2) Die Begrenzung nach Abs. (1) gilt auch, soweit der Kunde anstelle eines Anspruchs auf Ersatz des Schadens, statt der Leistung Ersatz nutzloser Aufwendungen verlangt.<br \/>\n(3) Soweit die Schadensersatzhaftung uns gegen\u00fcber ausgeschlossen oder eingeschr\u00e4nkt ist, gilt dies auch im Hinblick auf die pers\u00f6nliche Schadensersatzhaftung unserer Angestellten, Arbeitnehmer, Mitarbeiter, Vertreter und Erf\u00fcllungsgehilfen.<\/p>\n<h4>\u00a7 10 Eigentumsvorbehalt<\/h4>\n<p>(1) Wir behalten uns das Eigentum an der Kaufsache bis zum Eingang aller Zahlungen aus dem Liefervertrag vor. Bei vertragswidrigem Verhalten des Kunden, insbesondere bei Zahlungsverzug, sind wir berechtigt, die Kaufsache zur\u00fcckzunehmen. In der Zur\u00fccknahme der Kaufsache durch uns liegt ein R\u00fccktritt vom Vertrag. Wir sind nach R\u00fccknahme der Kaufsache zu deren Verwertung befugt, der Verwertungserl\u00f6s ist auf die Verbindlichkeiten des Kunden &#8211; abz\u00fcglich angemessener Verwertungskosten &#8211; anzurechnen.<br \/>\n(2) Der Kunde ist verpflichtet, die Kaufsache pfleglich zu behandeln; insbesondere ist er verpflichtet, diese auf eigene Kosten gegen Feuer-, Wasser- und Diebstahlssch\u00e4den ausreichend zum Neuwert zu versichern. Sofern Wartungs- und Inspektionsarbeiten erforderlich sind, muss der Kunde diese auf eigene Kosten rechtzeitig durchf\u00fchren.<br \/>\n(3) Bei Pf\u00e4ndungen oder sonstigen Eingriffen Dritter hat uns der Kunde unverz\u00fcglich schriftlich zu benachrichtigen, damit wir Klage gem\u00e4\u00df \u00a7 771 ZPO erheben k\u00f6nnen. Soweit der Dritte nicht in der Lage ist, uns die gerichtlichen und au\u00dfergerichtlichen Kosten einer Klage gem\u00e4\u00df \u00a7 771 ZPO zu erstatten, haftet der Kunde f\u00fcr den uns entstandenen Ausfall.<br \/>\n(4) Der Kunde ist berechtigt, die Kaufsache im ordentlichen Gesch\u00e4ftsgang weiter zu verkaufen; er tritt uns jedoch bereits jetzt alle Forderungen in H\u00f6he des Faktura-Endbetrages (einschlie\u00dflich MwSt) unserer Forderung ab, die ihm aus der Weiterver\u00e4u\u00dferung gegen seine Abnehmer oder Dritte erwachsen, und zwar unabh\u00e4ngig davon, ob die Kaufsache ohne oder nach Verarbeitung weiter verkauft worden ist. Zur Einziehung dieser Forderung bleibt der Kunde auch nach der Abtretung erm\u00e4chtigt. Unsere Befugnis, die Forderung selbst einzuziehen, bleibt hiervon unber\u00fchrt. Wir verpflichten uns jedoch, die Forderung nicht einzuziehen, solange der Kunde seinen Zahlungsverpflichtungen aus den vereinnahmten Erl\u00f6sen nachkommt, nicht in Zahlungsverzug ger\u00e4t und insbesondere kein Antrag auf Er\u00f6ffnung eines Vergleichs- oder Insolvenzverfahrens gestellt ist oder Zahlungseinstellung vorliegt. Ist aber dies der Fall, so k\u00f6nnen wir verlangen, dass der Kunde uns die abgetretenen Forderungen und deren Schuldner bekannt gibt, alle zum Einzug erforderlichen Angaben macht, die dazugeh\u00f6rigen Unterlagen aush\u00e4ndigt und den Schuldnern (Dritten) die Abtretung mitteilt.<br \/>\n(5) Die Verarbeitung oder Umbildung der Kaufsache durch den Kunden wird stets f\u00fcr uns vorgenommen. Wird die Kaufsache mit anderen, uns nicht geh\u00f6renden Gegenst\u00e4nden verarbeitet, so erwerben wir das Miteigentum an der neuen Sache im Verh\u00e4ltnis des Wertes der Kaufsache (Fakturaendbetrag, einschlie\u00dflich MwSt) zu den anderen verarbeiteten Gegenst\u00e4nden zur Zeit der Verarbeitung. F\u00fcr die durch Verarbeitung entstehende Sache gilt im \u00dcbrigen das Gleiche wie f\u00fcr die unter Vorbehalt gelieferte Kaufsache.<br \/>\n(6) Wird die Kaufsache mit anderen, uns nicht geh\u00f6renden Gegenst\u00e4nden untrennbar vermischt, so erwerben wir das Miteigentum an der neuen Sache im Verh\u00e4ltnis des Wertes der Kaufsache (Fakturaendbetrag, einschlie\u00dflich MwSt) zu den anderen vermischten Gegenst\u00e4nden zum Zeitpunkt der Vermischung. Erfolgt die Vermischung in der Weise, dass die Sache des Kunden als Hauptsache anzusehen ist, so gilt als vereinbart, dass der Kunde uns anteilm\u00e4\u00dfig Miteigentum \u00fcbertr\u00e4gt. Der Kunde verwahrt das so entstandene Alleineigentum oder Miteigentum f\u00fcr uns.<br \/>\n(7) Der Kunde tritt uns auch die Forderungen zur Sicherung unserer Forderungen gegen ihn ab, die durch die Verbindung der Kaufsache mit einem Grundst\u00fcck gegen einen Dritten erwachsen.<br \/>\n(8) Wir verpflichten uns, die uns zustehenden Sicherheiten auf Verlangen des Kunden insoweit freizugeben, als der realisierbare Wert unserer Sicherheiten die zu sichernden Forderungen um mehr als 10% \u00fcbersteigt; die Auswahl der freizugebenden Sicherheiten obliegt uns.<\/p>\n<h4>\u00a7 11 Gerichtsstand, Erf\u00fcllungsort<\/h4>\n<p>(1) Sofern der Kunde Kaufmann ist, ist unser Gesch\u00e4ftssitz Gerichtsstand; wir sind jedoch berechtigt, den Kunden auch an seinem Wohnsitzgericht zu verklagen.<br \/>\n(2) Es gilt das Recht der Bundesrepublik Deutschland; die Geltung des UN-Kaufrechts ist ausgeschlossen.<br \/>\n(3) Sofern sich aus der Auftragsbest\u00e4tigung nichts anderes ergibt, ist unser Gesch\u00e4ftssitz Erf\u00fcllungsort.<\/p>\n","protected":false},"excerpt":{"rendered":"<p>f\u00fcr Dienstleistungen der Firma (Dienstleistungsvertrag) WiP-Industriedienstleistungen Am Hang 7 D-33415 Verl Tel.: +49 (0) 5246 \/ 93 25 70 Fax: +49 (0) 5246 \/ 93 11 78 Email: info@wip-industrie.de \u00a7 1 Allgemeines , Geltungsbereich (1) Unsere Verkaufsbedingungen gelten ausschlie\u00dflich; entgegenstehende oder von unseren Verkaufsbedingungen abweichende Bedingungen des Kunden erkennen wir nicht an, es sei denn, [&hellip;]<\/p>\n","protected":false},"author":1,"featured_media":0,"parent":122,"menu_order":0,"comment_status":"closed","ping_status":"closed","template":"custom\/page-kontakt.php","meta":[],"yoast_head":"<!-- This site is optimized with the Yoast SEO plugin v19.11 - https:\/\/yoast.com\/wordpress\/plugins\/seo\/ -->\n<title>Allgemeine Gesch\u00e4ftsbedingungen - WiP Industriedienstleistungen<\/title>\n<meta name=\"robots\" content=\"index, follow, max-snippet:-1, max-image-preview:large, max-video-preview:-1\" \/>\n<link rel=\"canonical\" href=\"https:\/\/wip-industrie.de\/en\/contact\/allgemeine-geschaftsbedingungen\/\" \/>\n<meta property=\"og:locale\" content=\"en_US\" \/>\n<meta property=\"og:type\" content=\"article\" \/>\n<meta property=\"og:title\" content=\"Allgemeine Gesch\u00e4ftsbedingungen - WiP Industriedienstleistungen\" \/>\n<meta property=\"og:description\" content=\"f\u00fcr Dienstleistungen der Firma (Dienstleistungsvertrag) WiP-Industriedienstleistungen Am Hang 7 D-33415 Verl Tel.: +49 (0) 5246 \/ 93 25 70 Fax: +49 (0) 5246 \/ 93 11 78 Email: info@wip-industrie.de \u00a7 1 Allgemeines , Geltungsbereich (1) Unsere Verkaufsbedingungen gelten ausschlie\u00dflich; entgegenstehende oder von unseren Verkaufsbedingungen abweichende Bedingungen des Kunden erkennen wir nicht an, es sei denn, [&hellip;]\" \/>\n<meta property=\"og:url\" content=\"https:\/\/wip-industrie.de\/en\/contact\/allgemeine-geschaftsbedingungen\/\" \/>\n<meta property=\"og:site_name\" content=\"WiP Industriedienstleistungen\" \/>\n<meta property=\"article:publisher\" content=\"https:\/\/www.facebook.com\/wipindustrie\" \/>\n<meta property=\"og:image\" content=\"https:\/\/wip-industrie.de\/wp-content\/uploads\/wip-industrie.jpg\" \/>\n\t<meta property=\"og:image:width\" content=\"1920\" \/>\n\t<meta property=\"og:image:height\" content=\"1080\" \/>\n\t<meta property=\"og:image:type\" content=\"image\/jpeg\" \/>\n<meta name=\"twitter:label1\" content=\"Est. reading time\" \/>\n\t<meta name=\"twitter:data1\" content=\"10 minutes\" \/>\n<script type=\"application\/ld+json\" class=\"yoast-schema-graph\">{\"@context\":\"https:\/\/schema.org\",\"@graph\":[{\"@type\":\"WebPage\",\"@id\":\"https:\/\/wip-industrie.de\/en\/contact\/allgemeine-geschaftsbedingungen\/\",\"url\":\"https:\/\/wip-industrie.de\/en\/contact\/allgemeine-geschaftsbedingungen\/\",\"name\":\"Allgemeine Gesch\u00e4ftsbedingungen - WiP Industriedienstleistungen\",\"isPartOf\":{\"@id\":\"https:\/\/wip-industrie.de\/#website\"},\"datePublished\":\"2012-10-24T07:45:15+00:00\",\"dateModified\":\"2012-10-24T07:45:15+00:00\",\"breadcrumb\":{\"@id\":\"https:\/\/wip-industrie.de\/en\/contact\/allgemeine-geschaftsbedingungen\/#breadcrumb\"},\"inLanguage\":\"en-US\",\"potentialAction\":[{\"@type\":\"ReadAction\",\"target\":[\"https:\/\/wip-industrie.de\/en\/contact\/allgemeine-geschaftsbedingungen\/\"]}]},{\"@type\":\"BreadcrumbList\",\"@id\":\"https:\/\/wip-industrie.de\/en\/contact\/allgemeine-geschaftsbedingungen\/#breadcrumb\",\"itemListElement\":[{\"@type\":\"ListItem\",\"position\":1,\"name\":\"Home\",\"item\":\"https:\/\/wip-industrie.de\/en\/\"},{\"@type\":\"ListItem\",\"position\":2,\"name\":\"Contact\",\"item\":\"https:\/\/wip-industrie.de\/en\/contact\/\"},{\"@type\":\"ListItem\",\"position\":3,\"name\":\"Allgemeine Gesch\u00e4ftsbedingungen\"}]},{\"@type\":\"WebSite\",\"@id\":\"https:\/\/wip-industrie.de\/#website\",\"url\":\"https:\/\/wip-industrie.de\/\",\"name\":\"WiP Industriedienstleistungen\",\"description\":\"Eine weitere WordPress-Seite\",\"potentialAction\":[{\"@type\":\"SearchAction\",\"target\":{\"@type\":\"EntryPoint\",\"urlTemplate\":\"https:\/\/wip-industrie.de\/?s={search_term_string}\"},\"query-input\":\"required name=search_term_string\"}],\"inLanguage\":\"en-US\"}]}<\/script>\n<!-- \/ Yoast SEO plugin. -->","yoast_head_json":{"title":"Allgemeine Gesch\u00e4ftsbedingungen - WiP Industriedienstleistungen","robots":{"index":"index","follow":"follow","max-snippet":"max-snippet:-1","max-image-preview":"max-image-preview:large","max-video-preview":"max-video-preview:-1"},"canonical":"https:\/\/wip-industrie.de\/en\/contact\/allgemeine-geschaftsbedingungen\/","og_locale":"en_US","og_type":"article","og_title":"Allgemeine Gesch\u00e4ftsbedingungen - WiP Industriedienstleistungen","og_description":"f\u00fcr Dienstleistungen der Firma (Dienstleistungsvertrag) WiP-Industriedienstleistungen Am Hang 7 D-33415 Verl Tel.: +49 (0) 5246 \/ 93 25 70 Fax: +49 (0) 5246 \/ 93 11 78 Email: info@wip-industrie.de \u00a7 1 Allgemeines , Geltungsbereich (1) Unsere Verkaufsbedingungen gelten ausschlie\u00dflich; entgegenstehende oder von unseren Verkaufsbedingungen abweichende Bedingungen des Kunden erkennen wir nicht an, es sei denn, [&hellip;]","og_url":"https:\/\/wip-industrie.de\/en\/contact\/allgemeine-geschaftsbedingungen\/","og_site_name":"WiP Industriedienstleistungen","article_publisher":"https:\/\/www.facebook.com\/wipindustrie","og_image":[{"width":1920,"height":1080,"url":"https:\/\/wip-industrie.de\/wp-content\/uploads\/wip-industrie.jpg","type":"image\/jpeg"}],"twitter_misc":{"Est. reading time":"10 minutes"},"schema":{"@context":"https:\/\/schema.org","@graph":[{"@type":"WebPage","@id":"https:\/\/wip-industrie.de\/en\/contact\/allgemeine-geschaftsbedingungen\/","url":"https:\/\/wip-industrie.de\/en\/contact\/allgemeine-geschaftsbedingungen\/","name":"Allgemeine Gesch\u00e4ftsbedingungen - WiP Industriedienstleistungen","isPartOf":{"@id":"https:\/\/wip-industrie.de\/#website"},"datePublished":"2012-10-24T07:45:15+00:00","dateModified":"2012-10-24T07:45:15+00:00","breadcrumb":{"@id":"https:\/\/wip-industrie.de\/en\/contact\/allgemeine-geschaftsbedingungen\/#breadcrumb"},"inLanguage":"en-US","potentialAction":[{"@type":"ReadAction","target":["https:\/\/wip-industrie.de\/en\/contact\/allgemeine-geschaftsbedingungen\/"]}]},{"@type":"BreadcrumbList","@id":"https:\/\/wip-industrie.de\/en\/contact\/allgemeine-geschaftsbedingungen\/#breadcrumb","itemListElement":[{"@type":"ListItem","position":1,"name":"Home","item":"https:\/\/wip-industrie.de\/en\/"},{"@type":"ListItem","position":2,"name":"Contact","item":"https:\/\/wip-industrie.de\/en\/contact\/"},{"@type":"ListItem","position":3,"name":"Allgemeine Gesch\u00e4ftsbedingungen"}]},{"@type":"WebSite","@id":"https:\/\/wip-industrie.de\/#website","url":"https:\/\/wip-industrie.de\/","name":"WiP Industriedienstleistungen","description":"Eine weitere WordPress-Seite","potentialAction":[{"@type":"SearchAction","target":{"@type":"EntryPoint","urlTemplate":"https:\/\/wip-industrie.de\/?s={search_term_string}"},"query-input":"required name=search_term_string"}],"inLanguage":"en-US"}]}},"_links":{"self":[{"href":"https:\/\/wip-industrie.de\/en\/wp-json\/wp\/v2\/pages\/778"}],"collection":[{"href":"https:\/\/wip-industrie.de\/en\/wp-json\/wp\/v2\/pages"}],"about":[{"href":"https:\/\/wip-industrie.de\/en\/wp-json\/wp\/v2\/types\/page"}],"author":[{"embeddable":true,"href":"https:\/\/wip-industrie.de\/en\/wp-json\/wp\/v2\/users\/1"}],"replies":[{"embeddable":true,"href":"https:\/\/wip-industrie.de\/en\/wp-json\/wp\/v2\/comments?post=778"}],"version-history":[{"count":1,"href":"https:\/\/wip-industrie.de\/en\/wp-json\/wp\/v2\/pages\/778\/revisions"}],"predecessor-version":[{"id":779,"href":"https:\/\/wip-industrie.de\/en\/wp-json\/wp\/v2\/pages\/778\/revisions\/779"}],"up":[{"embeddable":true,"href":"https:\/\/wip-industrie.de\/en\/wp-json\/wp\/v2\/pages\/122"}],"wp:attachment":[{"href":"https:\/\/wip-industrie.de\/en\/wp-json\/wp\/v2\/media?parent=778"}],"curies":[{"name":"wp","href":"https:\/\/api.w.org\/{rel}","templated":true}]}}