{"id":556,"date":"2012-09-30T15:31:06","date_gmt":"2012-09-30T13:31:06","guid":{"rendered":"http:\/\/wip-industrie.de\/?page_id=556"},"modified":"2012-11-06T16:42:02","modified_gmt":"2012-11-06T14:42:02","slug":"start-povrchove-zpracovani","status":"publish","type":"page","link":"https:\/\/wip-industrie.de\/cs\/startseitentexte-cs\/start-povrchove-zpracovani\/","title":{"rendered":"Start: Povrchov\u00e9 zpracov\u00e1n\u00ed"},"content":{"rendered":"<h2>Povrchov\u00e9 zpracov\u00e1n\u00ed<\/h2>\n<p>Firma WIP pom\u00e1h\u00e1 sv\u00fdm z\u00e1kazn\u00edk\u016fm naj\u00edt optim\u00e1ln\u00ed \u0159e\u0161en\u00ed pro povrchovou \u00fapravu d\u00edl\u016f, a to \u010dasto i velmi speci\u00e1ln\u00ed \u2026\u00a0<a title=\"Povrchov\u00e9 zpracov\u00e1n\u00ed\" href=\"https:\/\/wip-industrie.de\/cs\/leistungen-cs\/povrchove-zpracovani\/\">\u010d\u00edst d\u00e1l<\/a><\/p>\n","protected":false},"excerpt":{"rendered":"<p>Povrchov\u00e9 zpracov\u00e1n\u00ed Firma WIP pom\u00e1h\u00e1 sv\u00fdm z\u00e1kazn\u00edk\u016fm naj\u00edt optim\u00e1ln\u00ed \u0159e\u0161en\u00ed pro povrchovou \u00fapravu d\u00edl\u016f, a to \u010dasto i velmi speci\u00e1ln\u00ed \u2026\u00a0\u010d\u00edst d\u00e1l<\/p>\n","protected":false},"author":1,"featured_media":524,"parent":567,"menu_order":0,"comment_status":"closed","ping_status":"closed","template":"","meta":[],"yoast_head":"<!-- This site is optimized with the Yoast SEO plugin v19.11 - https:\/\/yoast.com\/wordpress\/plugins\/seo\/ -->\n<title>Start: Povrchov\u00e9 zpracov\u00e1n\u00ed - WiP Industriedienstleistungen<\/title>\n<meta name=\"robots\" content=\"index, follow, max-snippet:-1, max-image-preview:large, max-video-preview:-1\" \/>\n<link rel=\"canonical\" href=\"https:\/\/wip-industrie.de\/cs\/startseitentexte-cs\/start-povrchove-zpracovani\/\" \/>\n<meta property=\"og:locale\" content=\"cs_CZ\" \/>\n<meta property=\"og:type\" content=\"article\" \/>\n<meta property=\"og:title\" content=\"Start: Povrchov\u00e9 zpracov\u00e1n\u00ed - WiP Industriedienstleistungen\" \/>\n<meta property=\"og:description\" content=\"Povrchov\u00e9 zpracov\u00e1n\u00ed Firma WIP pom\u00e1h\u00e1 sv\u00fdm z\u00e1kazn\u00edk\u016fm naj\u00edt optim\u00e1ln\u00ed \u0159e\u0161en\u00ed pro povrchovou \u00fapravu d\u00edl\u016f, a to \u010dasto i velmi speci\u00e1ln\u00ed \u2026\u00a0\u010d\u00edst d\u00e1l\" \/>\n<meta property=\"og:url\" content=\"https:\/\/wip-industrie.de\/cs\/startseitentexte-cs\/start-povrchove-zpracovani\/\" \/>\n<meta property=\"og:site_name\" content=\"WiP Industriedienstleistungen\" \/>\n<meta property=\"article:publisher\" content=\"https:\/\/www.facebook.com\/wipindustrie\" \/>\n<meta property=\"article:modified_time\" content=\"2012-11-06T14:42:02+00:00\" \/>\n<meta property=\"og:image\" content=\"https:\/\/wip-industrie.de\/wp-content\/uploads\/oberflachenbehandlung.jpeg\" \/>\n\t<meta property=\"og:image:width\" content=\"600\" \/>\n\t<meta property=\"og:image:height\" content=\"600\" \/>\n\t<meta property=\"og:image:type\" content=\"image\/jpeg\" \/>\n<script type=\"application\/ld+json\" class=\"yoast-schema-graph\">{\"@context\":\"https:\/\/schema.org\",\"@graph\":[{\"@type\":\"WebPage\",\"@id\":\"https:\/\/wip-industrie.de\/cs\/startseitentexte-cs\/start-povrchove-zpracovani\/\",\"url\":\"https:\/\/wip-industrie.de\/cs\/startseitentexte-cs\/start-povrchove-zpracovani\/\",\"name\":\"Start: Povrchov\u00e9 zpracov\u00e1n\u00ed - WiP Industriedienstleistungen\",\"isPartOf\":{\"@id\":\"https:\/\/wip-industrie.de\/#website\"},\"datePublished\":\"2012-09-30T13:31:06+00:00\",\"dateModified\":\"2012-11-06T14:42:02+00:00\",\"breadcrumb\":{\"@id\":\"https:\/\/wip-industrie.de\/cs\/startseitentexte-cs\/start-povrchove-zpracovani\/#breadcrumb\"},\"inLanguage\":\"cs\",\"potentialAction\":[{\"@type\":\"ReadAction\",\"target\":[\"https:\/\/wip-industrie.de\/cs\/startseitentexte-cs\/start-povrchove-zpracovani\/\"]}]},{\"@type\":\"BreadcrumbList\",\"@id\":\"https:\/\/wip-industrie.de\/cs\/startseitentexte-cs\/start-povrchove-zpracovani\/#breadcrumb\",\"itemListElement\":[{\"@type\":\"ListItem\",\"position\":1,\"name\":\"Dom\u016f\",\"item\":\"https:\/\/wip-industrie.de\/cs\/\"},{\"@type\":\"ListItem\",\"position\":2,\"name\":\"Startseitentexte (cs)\",\"item\":\"https:\/\/wip-industrie.de\/cs\/startseitentexte-cs\/\"},{\"@type\":\"ListItem\",\"position\":3,\"name\":\"Start: Povrchov\u00e9 zpracov\u00e1n\u00ed\"}]},{\"@type\":\"WebSite\",\"@id\":\"https:\/\/wip-industrie.de\/#website\",\"url\":\"https:\/\/wip-industrie.de\/\",\"name\":\"WiP Industriedienstleistungen\",\"description\":\"Eine weitere WordPress-Seite\",\"potentialAction\":[{\"@type\":\"SearchAction\",\"target\":{\"@type\":\"EntryPoint\",\"urlTemplate\":\"https:\/\/wip-industrie.de\/?s={search_term_string}\"},\"query-input\":\"required name=search_term_string\"}],\"inLanguage\":\"cs\"}]}<\/script>\n<!-- \/ Yoast SEO plugin. -->","yoast_head_json":{"title":"Start: Povrchov\u00e9 zpracov\u00e1n\u00ed - WiP Industriedienstleistungen","robots":{"index":"index","follow":"follow","max-snippet":"max-snippet:-1","max-image-preview":"max-image-preview:large","max-video-preview":"max-video-preview:-1"},"canonical":"https:\/\/wip-industrie.de\/cs\/startseitentexte-cs\/start-povrchove-zpracovani\/","og_locale":"cs_CZ","og_type":"article","og_title":"Start: Povrchov\u00e9 zpracov\u00e1n\u00ed - WiP Industriedienstleistungen","og_description":"Povrchov\u00e9 zpracov\u00e1n\u00ed Firma WIP pom\u00e1h\u00e1 sv\u00fdm z\u00e1kazn\u00edk\u016fm naj\u00edt optim\u00e1ln\u00ed \u0159e\u0161en\u00ed pro povrchovou \u00fapravu d\u00edl\u016f, a to \u010dasto i velmi speci\u00e1ln\u00ed \u2026\u00a0\u010d\u00edst d\u00e1l","og_url":"https:\/\/wip-industrie.de\/cs\/startseitentexte-cs\/start-povrchove-zpracovani\/","og_site_name":"WiP Industriedienstleistungen","article_publisher":"https:\/\/www.facebook.com\/wipindustrie","article_modified_time":"2012-11-06T14:42:02+00:00","og_image":[{"width":"600","height":"600","url":"https:\/\/wip-industrie.de\/wp-content\/uploads\/oberflachenbehandlung.jpeg","type":"image\/jpeg"}],"schema":{"@context":"https:\/\/schema.org","@graph":[{"@type":"WebPage","@id":"https:\/\/wip-industrie.de\/cs\/startseitentexte-cs\/start-povrchove-zpracovani\/","url":"https:\/\/wip-industrie.de\/cs\/startseitentexte-cs\/start-povrchove-zpracovani\/","name":"Start: Povrchov\u00e9 zpracov\u00e1n\u00ed - WiP Industriedienstleistungen","isPartOf":{"@id":"https:\/\/wip-industrie.de\/#website"},"datePublished":"2012-09-30T13:31:06+00:00","dateModified":"2012-11-06T14:42:02+00:00","breadcrumb":{"@id":"https:\/\/wip-industrie.de\/cs\/startseitentexte-cs\/start-povrchove-zpracovani\/#breadcrumb"},"inLanguage":"cs","potentialAction":[{"@type":"ReadAction","target":["https:\/\/wip-industrie.de\/cs\/startseitentexte-cs\/start-povrchove-zpracovani\/"]}]},{"@type":"BreadcrumbList","@id":"https:\/\/wip-industrie.de\/cs\/startseitentexte-cs\/start-povrchove-zpracovani\/#breadcrumb","itemListElement":[{"@type":"ListItem","position":1,"name":"Dom\u016f","item":"https:\/\/wip-industrie.de\/cs\/"},{"@type":"ListItem","position":2,"name":"Startseitentexte (cs)","item":"https:\/\/wip-industrie.de\/cs\/startseitentexte-cs\/"},{"@type":"ListItem","position":3,"name":"Start: Povrchov\u00e9 zpracov\u00e1n\u00ed"}]},{"@type":"WebSite","@id":"https:\/\/wip-industrie.de\/#website","url":"https:\/\/wip-industrie.de\/","name":"WiP Industriedienstleistungen","description":"Eine weitere WordPress-Seite","potentialAction":[{"@type":"SearchAction","target":{"@type":"EntryPoint","urlTemplate":"https:\/\/wip-industrie.de\/?s={search_term_string}"},"query-input":"required name=search_term_string"}],"inLanguage":"cs"}]}},"_links":{"self":[{"href":"https:\/\/wip-industrie.de\/cs\/wp-json\/wp\/v2\/pages\/556"}],"collection":[{"href":"https:\/\/wip-industrie.de\/cs\/wp-json\/wp\/v2\/pages"}],"about":[{"href":"https:\/\/wip-industrie.de\/cs\/wp-json\/wp\/v2\/types\/page"}],"author":[{"embeddable":true,"href":"https:\/\/wip-industrie.de\/cs\/wp-json\/wp\/v2\/users\/1"}],"replies":[{"embeddable":true,"href":"https:\/\/wip-industrie.de\/cs\/wp-json\/wp\/v2\/comments?post=556"}],"version-history":[{"count":3,"href":"https:\/\/wip-industrie.de\/cs\/wp-json\/wp\/v2\/pages\/556\/revisions"}],"predecessor-version":[{"id":842,"href":"https:\/\/wip-industrie.de\/cs\/wp-json\/wp\/v2\/pages\/556\/revisions\/842"}],"up":[{"embeddable":true,"href":"https:\/\/wip-industrie.de\/cs\/wp-json\/wp\/v2\/pages\/567"}],"wp:featuredmedia":[{"embeddable":true,"href":"https:\/\/wip-industrie.de\/cs\/wp-json\/wp\/v2\/media\/524"}],"wp:attachment":[{"href":"https:\/\/wip-industrie.de\/cs\/wp-json\/wp\/v2\/media?parent=556"}],"curies":[{"name":"wp","href":"https:\/\/api.w.org\/{rel}","templated":true}]}}