{"id":452,"date":"2012-09-28T13:26:03","date_gmt":"2012-09-28T11:26:03","guid":{"rendered":"http:\/\/wip-industrie.de\/?page_id=452"},"modified":"2012-09-28T13:26:03","modified_gmt":"2012-09-28T11:26:03","slug":"impressum","status":"publish","type":"page","link":"https:\/\/wip-industrie.de\/cs\/kontakty\/impressum\/","title":{"rendered":"Impressum"},"content":{"rendered":"<h5>Angaben gem\u00e4\u00df \u00a7 5 TMG:<\/h5>\n<p><strong>WIP-Industriedienstleistungen<\/strong><br \/>\nIva Potrebova<br \/>\nAm Hang 7<br \/>\nD-33415 Verl<\/p>\n<p>Tel:\u00a0<a href=\"tel:+495246932570\">05246 932570<\/a><br \/>\nFax: 05246 931178<br \/>\neMail:\u00a0<a href=\"mailto:info@WiP-Industrie.de\">info@WiP-Industrie.de<\/a><\/p>\n<h5>Haftungshinweis<\/h5>\n<p>Trotz sorgf\u00e4ltiger inhaltlicher Kontrolle \u00fcbernehmen wir keine Haftung f\u00fcr die Inhalte externer Links. F\u00fcr den Inhalt der verlinkten Seiten sind ausschlie\u00dflich deren Betreiber verantwortlich.<\/p>\n<h5>Datenschutzhinweis<\/h5>\n<p>Von Ihnen zur Verf\u00fcgung gestellte Daten werden streng vertraulich behandelt. Ohne Ihre ausdr\u00fcckliche Einwilligung geben wir keine pers\u00f6nlichen Daten weiter.<\/p>\n<h5>Datenschutzerkl\u00e4rung f\u00fcr die Nutzung von Google Analytics<\/h5>\n<p>Diese Website benutzt Google Analytics, einen Webanalysedienst der Google Inc. (\u201eGoogle\u201c). Google Analytics verwendet sog. \u201eCookies\u201c, Textdateien, die auf Ihrem Computer gespeichert werden und die eine Analyse der Benutzung der Website durch Sie erm\u00f6glichen. Die durch den Cookie erzeugten Informationen \u00fcber Ihre Benutzung dieser Website werden in der Regel an einen Server von Google in den USA \u00fcbertragen und dort gespeichert. Im Falle der Aktivierung der IP-Anonymisierung auf dieser Webseite, wird Ihre IP-Adresse von Google jedoch innerhalb von Mitgliedstaaten der Europ\u00e4ischen Union oder in anderen Vertragsstaaten des Abkommens \u00fcber den Europ\u00e4ischen Wirtschaftsraum zuvor gek\u00fcrzt. Nur in Ausnahmef\u00e4llen wird die volle IP-Adresse an einen Server von Google in den USA \u00fcbertragen und dort gek\u00fcrzt. Im Auftrag des Betreibers dieser Website wird Google diese Informationen benutzen, um Ihre Nutzung der Website auszuwerten, um Reports \u00fcber die Websiteaktivit\u00e4ten zusammenzustellen und um weitere mit der Websitenutzung und der Internetnutzung verbundene Dienstleistungen gegen\u00fcber dem Websitebetreiber zu erbringenDie im Rahmen von Google Analytics von Ihrem Browser \u00fcbermittelte IP-Adresse wird nicht mit anderen Daten von Google zusammengef\u00fchrt. Sie k\u00f6nnen die Speicherung der Cookies durch eine entsprechende Einstellung Ihrer Browser-Software verhindern; wir weisen Sie jedoch darauf hin, dass Sie in diesem Fall gegebenenfalls nicht s\u00e4mtliche Funktionen dieser Website vollumf\u00e4nglich werden nutzen k\u00f6nnen. Sie k\u00f6nnen dar\u00fcber hinaus die Erfassung der durch das Cookie erzeugten und auf Ihre Nutzung der Website bezogenen Daten (inkl. Ihrer IP-Adresse) an Google sowie die Verarbeitung dieser Daten durch Google verhindern, indem sie das unter dem folgenden Link verf\u00fcgbare Browser-Plugin herunterladen und installieren <a href=\"http:\/\/tools.google.com\/dlpage\/gaoptout?hl=de\">http:\/\/tools.google.com\/dlpage\/gaoptout?hl=de<\/a><\/p>\n","protected":false},"excerpt":{"rendered":"<p>Angaben gem\u00e4\u00df \u00a7 5 TMG: WIP-Industriedienstleistungen Iva Potrebova Am Hang 7 D-33415 Verl Tel:\u00a005246 932570 Fax: 05246 931178 eMail:\u00a0info@WiP-Industrie.de Haftungshinweis Trotz sorgf\u00e4ltiger inhaltlicher Kontrolle \u00fcbernehmen wir keine Haftung f\u00fcr die Inhalte externer Links. F\u00fcr den Inhalt der verlinkten Seiten sind ausschlie\u00dflich deren Betreiber verantwortlich. Datenschutzhinweis Von Ihnen zur Verf\u00fcgung gestellte Daten werden streng vertraulich behandelt. [&hellip;]<\/p>\n","protected":false},"author":1,"featured_media":0,"parent":130,"menu_order":0,"comment_status":"closed","ping_status":"closed","template":"custom\/page-kontakt.php","meta":[],"yoast_head":"<!-- This site is optimized with the Yoast SEO plugin v19.11 - https:\/\/yoast.com\/wordpress\/plugins\/seo\/ -->\n<title>Impressum - WiP Industriedienstleistungen<\/title>\n<meta name=\"robots\" content=\"index, follow, max-snippet:-1, max-image-preview:large, max-video-preview:-1\" \/>\n<link rel=\"canonical\" href=\"https:\/\/wip-industrie.de\/cs\/kontakty\/impressum\/\" \/>\n<meta property=\"og:locale\" content=\"cs_CZ\" \/>\n<meta property=\"og:type\" content=\"article\" \/>\n<meta property=\"og:title\" content=\"Impressum - WiP Industriedienstleistungen\" \/>\n<meta property=\"og:description\" content=\"Angaben gem\u00e4\u00df \u00a7 5 TMG: WIP-Industriedienstleistungen Iva Potrebova Am Hang 7 D-33415 Verl Tel:\u00a005246 932570 Fax: 05246 931178 eMail:\u00a0info@WiP-Industrie.de Haftungshinweis Trotz sorgf\u00e4ltiger inhaltlicher Kontrolle \u00fcbernehmen wir keine Haftung f\u00fcr die Inhalte externer Links. F\u00fcr den Inhalt der verlinkten Seiten sind ausschlie\u00dflich deren Betreiber verantwortlich. Datenschutzhinweis Von Ihnen zur Verf\u00fcgung gestellte Daten werden streng vertraulich behandelt. [&hellip;]\" \/>\n<meta property=\"og:url\" content=\"https:\/\/wip-industrie.de\/cs\/kontakty\/impressum\/\" \/>\n<meta property=\"og:site_name\" content=\"WiP Industriedienstleistungen\" \/>\n<meta property=\"article:publisher\" content=\"https:\/\/www.facebook.com\/wipindustrie\" \/>\n<meta property=\"og:image\" content=\"https:\/\/wip-industrie.de\/wp-content\/uploads\/wip-industrie.jpg\" \/>\n\t<meta property=\"og:image:width\" content=\"1920\" \/>\n\t<meta property=\"og:image:height\" content=\"1080\" \/>\n\t<meta property=\"og:image:type\" content=\"image\/jpeg\" \/>\n<meta name=\"twitter:label1\" content=\"Odhadovan\u00e1 doba \u010dten\u00ed\" \/>\n\t<meta name=\"twitter:data1\" content=\"2 minuty\" \/>\n<script type=\"application\/ld+json\" class=\"yoast-schema-graph\">{\"@context\":\"https:\/\/schema.org\",\"@graph\":[{\"@type\":\"WebPage\",\"@id\":\"https:\/\/wip-industrie.de\/cs\/kontakty\/impressum\/\",\"url\":\"https:\/\/wip-industrie.de\/cs\/kontakty\/impressum\/\",\"name\":\"Impressum - WiP Industriedienstleistungen\",\"isPartOf\":{\"@id\":\"https:\/\/wip-industrie.de\/#website\"},\"datePublished\":\"2012-09-28T11:26:03+00:00\",\"dateModified\":\"2012-09-28T11:26:03+00:00\",\"breadcrumb\":{\"@id\":\"https:\/\/wip-industrie.de\/cs\/kontakty\/impressum\/#breadcrumb\"},\"inLanguage\":\"cs\",\"potentialAction\":[{\"@type\":\"ReadAction\",\"target\":[\"https:\/\/wip-industrie.de\/cs\/kontakty\/impressum\/\"]}]},{\"@type\":\"BreadcrumbList\",\"@id\":\"https:\/\/wip-industrie.de\/cs\/kontakty\/impressum\/#breadcrumb\",\"itemListElement\":[{\"@type\":\"ListItem\",\"position\":1,\"name\":\"Dom\u016f\",\"item\":\"https:\/\/wip-industrie.de\/cs\/\"},{\"@type\":\"ListItem\",\"position\":2,\"name\":\"Kontakty\",\"item\":\"https:\/\/wip-industrie.de\/cs\/kontakty\/\"},{\"@type\":\"ListItem\",\"position\":3,\"name\":\"Impressum\"}]},{\"@type\":\"WebSite\",\"@id\":\"https:\/\/wip-industrie.de\/#website\",\"url\":\"https:\/\/wip-industrie.de\/\",\"name\":\"WiP Industriedienstleistungen\",\"description\":\"Eine weitere WordPress-Seite\",\"potentialAction\":[{\"@type\":\"SearchAction\",\"target\":{\"@type\":\"EntryPoint\",\"urlTemplate\":\"https:\/\/wip-industrie.de\/?s={search_term_string}\"},\"query-input\":\"required name=search_term_string\"}],\"inLanguage\":\"cs\"}]}<\/script>\n<!-- \/ Yoast SEO plugin. -->","yoast_head_json":{"title":"Impressum - WiP Industriedienstleistungen","robots":{"index":"index","follow":"follow","max-snippet":"max-snippet:-1","max-image-preview":"max-image-preview:large","max-video-preview":"max-video-preview:-1"},"canonical":"https:\/\/wip-industrie.de\/cs\/kontakty\/impressum\/","og_locale":"cs_CZ","og_type":"article","og_title":"Impressum - WiP Industriedienstleistungen","og_description":"Angaben gem\u00e4\u00df \u00a7 5 TMG: WIP-Industriedienstleistungen Iva Potrebova Am Hang 7 D-33415 Verl Tel:\u00a005246 932570 Fax: 05246 931178 eMail:\u00a0info@WiP-Industrie.de Haftungshinweis Trotz sorgf\u00e4ltiger inhaltlicher Kontrolle \u00fcbernehmen wir keine Haftung f\u00fcr die Inhalte externer Links. F\u00fcr den Inhalt der verlinkten Seiten sind ausschlie\u00dflich deren Betreiber verantwortlich. Datenschutzhinweis Von Ihnen zur Verf\u00fcgung gestellte Daten werden streng vertraulich behandelt. [&hellip;]","og_url":"https:\/\/wip-industrie.de\/cs\/kontakty\/impressum\/","og_site_name":"WiP Industriedienstleistungen","article_publisher":"https:\/\/www.facebook.com\/wipindustrie","og_image":[{"width":1920,"height":1080,"url":"https:\/\/wip-industrie.de\/wp-content\/uploads\/wip-industrie.jpg","type":"image\/jpeg"}],"twitter_misc":{"Odhadovan\u00e1 doba \u010dten\u00ed":"2 minuty"},"schema":{"@context":"https:\/\/schema.org","@graph":[{"@type":"WebPage","@id":"https:\/\/wip-industrie.de\/cs\/kontakty\/impressum\/","url":"https:\/\/wip-industrie.de\/cs\/kontakty\/impressum\/","name":"Impressum - WiP Industriedienstleistungen","isPartOf":{"@id":"https:\/\/wip-industrie.de\/#website"},"datePublished":"2012-09-28T11:26:03+00:00","dateModified":"2012-09-28T11:26:03+00:00","breadcrumb":{"@id":"https:\/\/wip-industrie.de\/cs\/kontakty\/impressum\/#breadcrumb"},"inLanguage":"cs","potentialAction":[{"@type":"ReadAction","target":["https:\/\/wip-industrie.de\/cs\/kontakty\/impressum\/"]}]},{"@type":"BreadcrumbList","@id":"https:\/\/wip-industrie.de\/cs\/kontakty\/impressum\/#breadcrumb","itemListElement":[{"@type":"ListItem","position":1,"name":"Dom\u016f","item":"https:\/\/wip-industrie.de\/cs\/"},{"@type":"ListItem","position":2,"name":"Kontakty","item":"https:\/\/wip-industrie.de\/cs\/kontakty\/"},{"@type":"ListItem","position":3,"name":"Impressum"}]},{"@type":"WebSite","@id":"https:\/\/wip-industrie.de\/#website","url":"https:\/\/wip-industrie.de\/","name":"WiP Industriedienstleistungen","description":"Eine weitere WordPress-Seite","potentialAction":[{"@type":"SearchAction","target":{"@type":"EntryPoint","urlTemplate":"https:\/\/wip-industrie.de\/?s={search_term_string}"},"query-input":"required name=search_term_string"}],"inLanguage":"cs"}]}},"_links":{"self":[{"href":"https:\/\/wip-industrie.de\/cs\/wp-json\/wp\/v2\/pages\/452"}],"collection":[{"href":"https:\/\/wip-industrie.de\/cs\/wp-json\/wp\/v2\/pages"}],"about":[{"href":"https:\/\/wip-industrie.de\/cs\/wp-json\/wp\/v2\/types\/page"}],"author":[{"embeddable":true,"href":"https:\/\/wip-industrie.de\/cs\/wp-json\/wp\/v2\/users\/1"}],"replies":[{"embeddable":true,"href":"https:\/\/wip-industrie.de\/cs\/wp-json\/wp\/v2\/comments?post=452"}],"version-history":[{"count":1,"href":"https:\/\/wip-industrie.de\/cs\/wp-json\/wp\/v2\/pages\/452\/revisions"}],"predecessor-version":[{"id":453,"href":"https:\/\/wip-industrie.de\/cs\/wp-json\/wp\/v2\/pages\/452\/revisions\/453"}],"up":[{"embeddable":true,"href":"https:\/\/wip-industrie.de\/cs\/wp-json\/wp\/v2\/pages\/130"}],"wp:attachment":[{"href":"https:\/\/wip-industrie.de\/cs\/wp-json\/wp\/v2\/media?parent=452"}],"curies":[{"name":"wp","href":"https:\/\/api.w.org\/{rel}","templated":true}]}}