{"id":428,"date":"2012-09-28T13:12:45","date_gmt":"2012-09-28T11:12:45","guid":{"rendered":"http:\/\/wip-industrie.de\/?page_id=428"},"modified":"2012-10-01T15:31:52","modified_gmt":"2012-10-01T13:31:52","slug":"prototyping","status":"publish","type":"page","link":"https:\/\/wip-industrie.de\/cs\/leistungen-cs\/prototyping\/","title":{"rendered":"Prototyping"},"content":{"rendered":"<p>Firma WIP je k\u00a0dispozici sv\u00fdm z\u00e1kazn\u00edk\u016fm v\u00a0pr\u016fb\u011bhu cel\u00e9ho v\u00fdvoje nov\u00e9ho produktu \u2013 od konstrukce, p\u0159es v\u00fdrobu vzorov\u00fdch d\u00edl\u016f, optimalizaci produktu a\u017e po mo\u017enost zpost\u0159edkov\u00e1n\u00ed kontaktu na firmu, kter\u00e1 po\u017eadovan\u00e9 d\u00edly vyrob\u00ed.<div id='gallery-1' class='gallery galleryid-428 gallery-columns-4 gallery-size-thumbnail'><dl class='gallery-item'>\n\t\t\t<dt class='gallery-icon landscape'>\n\t\t\t\t<a href='https:\/\/wip-industrie.de\/wp-content\/uploads\/2012\/09\/Prototyping-WiP-Industrie_01.jpg'><img width=\"150\" height=\"150\" src=\"https:\/\/wip-industrie.de\/wp-content\/uploads\/2012\/09\/Prototyping-WiP-Industrie_01-150x150.jpg\" class=\"attachment-thumbnail size-thumbnail\" alt=\"\" decoding=\"async\" loading=\"lazy\" srcset=\"https:\/\/wip-industrie.de\/wp-content\/uploads\/2012\/09\/Prototyping-WiP-Industrie_01-150x150.jpg 150w, https:\/\/wip-industrie.de\/wp-content\/uploads\/2012\/09\/Prototyping-WiP-Industrie_01-300x300.jpg 300w, https:\/\/wip-industrie.de\/wp-content\/uploads\/2012\/09\/Prototyping-WiP-Industrie_01-1024x1024.jpg 1024w, https:\/\/wip-industrie.de\/wp-content\/uploads\/2012\/09\/Prototyping-WiP-Industrie_01-65x65.jpg 65w, https:\/\/wip-industrie.de\/wp-content\/uploads\/2012\/09\/Prototyping-WiP-Industrie_01.jpg 1280w\" sizes=\"(max-width: 150px) 100vw, 150px\" \/><\/a>\n\t\t\t<\/dt><\/dl><dl class='gallery-item'>\n\t\t\t<dt class='gallery-icon landscape'>\n\t\t\t\t<a href='https:\/\/wip-industrie.de\/wp-content\/uploads\/2012\/09\/Prototyping-WiP-Industrie_01.jpg'><img width=\"150\" height=\"150\" src=\"https:\/\/wip-industrie.de\/wp-content\/uploads\/2012\/09\/Prototyping-WiP-Industrie_01-150x150.jpg\" class=\"attachment-thumbnail size-thumbnail\" alt=\"\" decoding=\"async\" loading=\"lazy\" srcset=\"https:\/\/wip-industrie.de\/wp-content\/uploads\/2012\/09\/Prototyping-WiP-Industrie_01-150x150.jpg 150w, https:\/\/wip-industrie.de\/wp-content\/uploads\/2012\/09\/Prototyping-WiP-Industrie_01-300x300.jpg 300w, https:\/\/wip-industrie.de\/wp-content\/uploads\/2012\/09\/Prototyping-WiP-Industrie_01-1024x1024.jpg 1024w, https:\/\/wip-industrie.de\/wp-content\/uploads\/2012\/09\/Prototyping-WiP-Industrie_01-65x65.jpg 65w, https:\/\/wip-industrie.de\/wp-content\/uploads\/2012\/09\/Prototyping-WiP-Industrie_01.jpg 1280w\" sizes=\"(max-width: 150px) 100vw, 150px\" \/><\/a>\n\t\t\t<\/dt><\/dl><dl class='gallery-item'>\n\t\t\t<dt class='gallery-icon landscape'>\n\t\t\t\t<a href='https:\/\/wip-industrie.de\/wp-content\/uploads\/maschinenschutzscheiben-01.jpg'><img width=\"150\" height=\"150\" src=\"https:\/\/wip-industrie.de\/wp-content\/uploads\/maschinenschutzscheiben-01-150x150.jpg\" class=\"attachment-thumbnail size-thumbnail\" alt=\"\" decoding=\"async\" loading=\"lazy\" aria-describedby=\"gallery-1-1820\" \/><\/a>\n\t\t\t<\/dt>\n\t\t\t\t<dd class='wp-caption-text gallery-caption' id='gallery-1-1820'>\n\t\t\t\tMaschinenschutzscheiben\n\t\t\t\t<\/dd><\/dl><dl class='gallery-item'>\n\t\t\t<dt class='gallery-icon portrait'>\n\t\t\t\t<a href='https:\/\/wip-industrie.de\/wp-content\/uploads\/2012\/09\/Prototyping-WiP-Industrie_04.jpg'><img width=\"150\" height=\"150\" src=\"https:\/\/wip-industrie.de\/wp-content\/uploads\/2012\/09\/Prototyping-WiP-Industrie_04-150x150.jpg\" class=\"attachment-thumbnail size-thumbnail\" alt=\"\" decoding=\"async\" loading=\"lazy\" srcset=\"https:\/\/wip-industrie.de\/wp-content\/uploads\/2012\/09\/Prototyping-WiP-Industrie_04-150x150.jpg 150w, https:\/\/wip-industrie.de\/wp-content\/uploads\/2012\/09\/Prototyping-WiP-Industrie_04-300x300.jpg 300w, https:\/\/wip-industrie.de\/wp-content\/uploads\/2012\/09\/Prototyping-WiP-Industrie_04-1022x1024.jpg 1022w, https:\/\/wip-industrie.de\/wp-content\/uploads\/2012\/09\/Prototyping-WiP-Industrie_04-65x65.jpg 65w, https:\/\/wip-industrie.de\/wp-content\/uploads\/2012\/09\/Prototyping-WiP-Industrie_04.jpg 1280w\" sizes=\"(max-width: 150px) 100vw, 150px\" \/><\/a>\n\t\t\t<\/dt><\/dl><br style=\"clear: both\" \/><dl class='gallery-item'>\n\t\t\t<dt class='gallery-icon landscape'>\n\t\t\t\t<a href='https:\/\/wip-industrie.de\/wp-content\/uploads\/2012\/09\/Prototyping-WiP-Industrie_01.jpg'><img width=\"150\" height=\"150\" src=\"https:\/\/wip-industrie.de\/wp-content\/uploads\/2012\/09\/Prototyping-WiP-Industrie_01-150x150.jpg\" class=\"attachment-thumbnail size-thumbnail\" alt=\"\" decoding=\"async\" loading=\"lazy\" srcset=\"https:\/\/wip-industrie.de\/wp-content\/uploads\/2012\/09\/Prototyping-WiP-Industrie_01-150x150.jpg 150w, https:\/\/wip-industrie.de\/wp-content\/uploads\/2012\/09\/Prototyping-WiP-Industrie_01-300x300.jpg 300w, https:\/\/wip-industrie.de\/wp-content\/uploads\/2012\/09\/Prototyping-WiP-Industrie_01-1024x1024.jpg 1024w, https:\/\/wip-industrie.de\/wp-content\/uploads\/2012\/09\/Prototyping-WiP-Industrie_01-65x65.jpg 65w, https:\/\/wip-industrie.de\/wp-content\/uploads\/2012\/09\/Prototyping-WiP-Industrie_01.jpg 1280w\" sizes=\"(max-width: 150px) 100vw, 150px\" \/><\/a>\n\t\t\t<\/dt><\/dl><dl class='gallery-item'>\n\t\t\t<dt class='gallery-icon portrait'>\n\t\t\t\t<a href='https:\/\/wip-industrie.de\/wp-content\/uploads\/2012\/09\/Prototyping-WiP-Industrie_04.jpg'><img width=\"150\" height=\"150\" src=\"https:\/\/wip-industrie.de\/wp-content\/uploads\/2012\/09\/Prototyping-WiP-Industrie_04-150x150.jpg\" class=\"attachment-thumbnail size-thumbnail\" alt=\"\" decoding=\"async\" loading=\"lazy\" srcset=\"https:\/\/wip-industrie.de\/wp-content\/uploads\/2012\/09\/Prototyping-WiP-Industrie_04-150x150.jpg 150w, https:\/\/wip-industrie.de\/wp-content\/uploads\/2012\/09\/Prototyping-WiP-Industrie_04-300x300.jpg 300w, https:\/\/wip-industrie.de\/wp-content\/uploads\/2012\/09\/Prototyping-WiP-Industrie_04-1022x1024.jpg 1022w, https:\/\/wip-industrie.de\/wp-content\/uploads\/2012\/09\/Prototyping-WiP-Industrie_04-65x65.jpg 65w, https:\/\/wip-industrie.de\/wp-content\/uploads\/2012\/09\/Prototyping-WiP-Industrie_04.jpg 1280w\" sizes=\"(max-width: 150px) 100vw, 150px\" \/><\/a>\n\t\t\t<\/dt><\/dl><dl class='gallery-item'>\n\t\t\t<dt class='gallery-icon portrait'>\n\t\t\t\t<a href='https:\/\/wip-industrie.de\/wp-content\/uploads\/2012\/09\/Prototyping-WiP-Industrie_04.jpg'><img width=\"150\" height=\"150\" src=\"https:\/\/wip-industrie.de\/wp-content\/uploads\/2012\/09\/Prototyping-WiP-Industrie_04-150x150.jpg\" class=\"attachment-thumbnail size-thumbnail\" alt=\"\" decoding=\"async\" loading=\"lazy\" srcset=\"https:\/\/wip-industrie.de\/wp-content\/uploads\/2012\/09\/Prototyping-WiP-Industrie_04-150x150.jpg 150w, https:\/\/wip-industrie.de\/wp-content\/uploads\/2012\/09\/Prototyping-WiP-Industrie_04-300x300.jpg 300w, https:\/\/wip-industrie.de\/wp-content\/uploads\/2012\/09\/Prototyping-WiP-Industrie_04-1022x1024.jpg 1022w, https:\/\/wip-industrie.de\/wp-content\/uploads\/2012\/09\/Prototyping-WiP-Industrie_04-65x65.jpg 65w, https:\/\/wip-industrie.de\/wp-content\/uploads\/2012\/09\/Prototyping-WiP-Industrie_04.jpg 1280w\" sizes=\"(max-width: 150px) 100vw, 150px\" \/><\/a>\n\t\t\t<\/dt><\/dl><dl class='gallery-item'>\n\t\t\t<dt class='gallery-icon landscape'>\n\t\t\t\t<a href='https:\/\/wip-industrie.de\/wp-content\/uploads\/2012\/09\/Prototyping-WiP-Industrie_02.jpg'><img width=\"150\" height=\"150\" src=\"https:\/\/wip-industrie.de\/wp-content\/uploads\/2012\/09\/Prototyping-WiP-Industrie_02-150x150.jpg\" class=\"attachment-thumbnail size-thumbnail\" alt=\"\" decoding=\"async\" loading=\"lazy\" \/><\/a>\n\t\t\t<\/dt><\/dl><br style=\"clear: both\" \/><dl class='gallery-item'>\n\t\t\t<dt class='gallery-icon portrait'>\n\t\t\t\t<a href='https:\/\/wip-industrie.de\/wp-content\/uploads\/2012\/09\/Prototyping-WiP-Industrie_03.jpg'><img width=\"150\" height=\"150\" src=\"https:\/\/wip-industrie.de\/wp-content\/uploads\/2012\/09\/Prototyping-WiP-Industrie_03-150x150.jpg\" class=\"attachment-thumbnail size-thumbnail\" alt=\"\" decoding=\"async\" loading=\"lazy\" \/><\/a>\n\t\t\t<\/dt><\/dl><dl class='gallery-item'>\n\t\t\t<dt class='gallery-icon landscape'>\n\t\t\t\t<a href='https:\/\/wip-industrie.de\/wp-content\/uploads\/maschinenschutzscheiben-02.jpg'><img width=\"150\" height=\"150\" src=\"https:\/\/wip-industrie.de\/wp-content\/uploads\/maschinenschutzscheiben-02-150x150.jpg\" class=\"attachment-thumbnail size-thumbnail\" alt=\"\" decoding=\"async\" loading=\"lazy\" aria-describedby=\"gallery-1-1822\" \/><\/a>\n\t\t\t<\/dt>\n\t\t\t\t<dd class='wp-caption-text gallery-caption' id='gallery-1-1822'>\n\t\t\t\tMaschinenschutzscheiben\n\t\t\t\t<\/dd><\/dl><dl class='gallery-item'>\n\t\t\t<dt class='gallery-icon portrait'>\n\t\t\t\t<a href='https:\/\/wip-industrie.de\/wp-content\/uploads\/2012\/09\/Prototyping-WiP-Industrie_03.jpg'><img width=\"150\" height=\"150\" src=\"https:\/\/wip-industrie.de\/wp-content\/uploads\/2012\/09\/Prototyping-WiP-Industrie_03-150x150.jpg\" class=\"attachment-thumbnail size-thumbnail\" alt=\"\" decoding=\"async\" loading=\"lazy\" \/><\/a>\n\t\t\t<\/dt><\/dl><dl class='gallery-item'>\n\t\t\t<dt class='gallery-icon portrait'>\n\t\t\t\t<a href='https:\/\/wip-industrie.de\/wp-content\/uploads\/2012\/09\/Prototyping-WiP-Industrie_03.jpg'><img width=\"150\" height=\"150\" src=\"https:\/\/wip-industrie.de\/wp-content\/uploads\/2012\/09\/Prototyping-WiP-Industrie_03-150x150.jpg\" class=\"attachment-thumbnail size-thumbnail\" alt=\"\" decoding=\"async\" loading=\"lazy\" \/><\/a>\n\t\t\t<\/dt><\/dl><br style=\"clear: both\" \/><dl class='gallery-item'>\n\t\t\t<dt class='gallery-icon landscape'>\n\t\t\t\t<a href='https:\/\/wip-industrie.de\/wp-content\/uploads\/2012\/09\/Prototyping-WiP-Industrie_02.jpg'><img width=\"150\" height=\"150\" src=\"https:\/\/wip-industrie.de\/wp-content\/uploads\/2012\/09\/Prototyping-WiP-Industrie_02-150x150.jpg\" class=\"attachment-thumbnail size-thumbnail\" alt=\"\" decoding=\"async\" loading=\"lazy\" \/><\/a>\n\t\t\t<\/dt><\/dl><dl class='gallery-item'>\n\t\t\t<dt class='gallery-icon landscape'>\n\t\t\t\t<a href='https:\/\/wip-industrie.de\/wp-content\/uploads\/2012\/09\/Prototyping-WiP-Industrie_02.jpg'><img width=\"150\" height=\"150\" src=\"https:\/\/wip-industrie.de\/wp-content\/uploads\/2012\/09\/Prototyping-WiP-Industrie_02-150x150.jpg\" class=\"attachment-thumbnail size-thumbnail\" alt=\"\" decoding=\"async\" loading=\"lazy\" \/><\/a>\n\t\t\t<\/dt><\/dl><dl class='gallery-item'>\n\t\t\t<dt class='gallery-icon portrait'>\n\t\t\t\t<a href='https:\/\/wip-industrie.de\/wp-content\/uploads\/2012\/09\/Prototyping-WiP-Industrie_04.jpg'><img width=\"150\" height=\"150\" src=\"https:\/\/wip-industrie.de\/wp-content\/uploads\/2012\/09\/Prototyping-WiP-Industrie_04-150x150.jpg\" class=\"attachment-thumbnail size-thumbnail\" alt=\"\" decoding=\"async\" loading=\"lazy\" srcset=\"https:\/\/wip-industrie.de\/wp-content\/uploads\/2012\/09\/Prototyping-WiP-Industrie_04-150x150.jpg 150w, https:\/\/wip-industrie.de\/wp-content\/uploads\/2012\/09\/Prototyping-WiP-Industrie_04-300x300.jpg 300w, https:\/\/wip-industrie.de\/wp-content\/uploads\/2012\/09\/Prototyping-WiP-Industrie_04-1022x1024.jpg 1022w, https:\/\/wip-industrie.de\/wp-content\/uploads\/2012\/09\/Prototyping-WiP-Industrie_04-65x65.jpg 65w, https:\/\/wip-industrie.de\/wp-content\/uploads\/2012\/09\/Prototyping-WiP-Industrie_04.jpg 1280w\" sizes=\"(max-width: 150px) 100vw, 150px\" \/><\/a>\n\t\t\t<\/dt><\/dl><dl class='gallery-item'>\n\t\t\t<dt class='gallery-icon landscape'>\n\t\t\t\t<a href='https:\/\/wip-industrie.de\/wp-content\/uploads\/2012\/09\/Prototyping-WiP-Industrie_01.jpg'><img width=\"150\" height=\"150\" src=\"https:\/\/wip-industrie.de\/wp-content\/uploads\/2012\/09\/Prototyping-WiP-Industrie_01-150x150.jpg\" class=\"attachment-thumbnail size-thumbnail\" alt=\"\" decoding=\"async\" loading=\"lazy\" srcset=\"https:\/\/wip-industrie.de\/wp-content\/uploads\/2012\/09\/Prototyping-WiP-Industrie_01-150x150.jpg 150w, https:\/\/wip-industrie.de\/wp-content\/uploads\/2012\/09\/Prototyping-WiP-Industrie_01-300x300.jpg 300w, https:\/\/wip-industrie.de\/wp-content\/uploads\/2012\/09\/Prototyping-WiP-Industrie_01-1024x1024.jpg 1024w, https:\/\/wip-industrie.de\/wp-content\/uploads\/2012\/09\/Prototyping-WiP-Industrie_01-65x65.jpg 65w, https:\/\/wip-industrie.de\/wp-content\/uploads\/2012\/09\/Prototyping-WiP-Industrie_01.jpg 1280w\" sizes=\"(max-width: 150px) 100vw, 150px\" \/><\/a>\n\t\t\t<\/dt><\/dl><br style=\"clear: both\" \/><dl class='gallery-item'>\n\t\t\t<dt class='gallery-icon portrait'>\n\t\t\t\t<a href='https:\/\/wip-industrie.de\/wp-content\/uploads\/maschinenschutzscheiben-03.jpg'><img width=\"150\" height=\"150\" src=\"https:\/\/wip-industrie.de\/wp-content\/uploads\/maschinenschutzscheiben-03-150x150.jpg\" class=\"attachment-thumbnail size-thumbnail\" alt=\"\" decoding=\"async\" loading=\"lazy\" aria-describedby=\"gallery-1-1824\" \/><\/a>\n\t\t\t<\/dt>\n\t\t\t\t<dd class='wp-caption-text gallery-caption' id='gallery-1-1824'>\n\t\t\t\tMaschinenschutzscheiben\n\t\t\t\t<\/dd><\/dl><dl class='gallery-item'>\n\t\t\t<dt class='gallery-icon landscape'>\n\t\t\t\t<a href='https:\/\/wip-industrie.de\/wp-content\/uploads\/2012\/09\/Prototyping-WiP-Industrie_02.jpg'><img width=\"150\" height=\"150\" src=\"https:\/\/wip-industrie.de\/wp-content\/uploads\/2012\/09\/Prototyping-WiP-Industrie_02-150x150.jpg\" class=\"attachment-thumbnail size-thumbnail\" alt=\"\" decoding=\"async\" loading=\"lazy\" \/><\/a>\n\t\t\t<\/dt><\/dl><dl class='gallery-item'>\n\t\t\t<dt class='gallery-icon portrait'>\n\t\t\t\t<a href='https:\/\/wip-industrie.de\/wp-content\/uploads\/2012\/09\/Prototyping-WiP-Industrie_03.jpg'><img width=\"150\" height=\"150\" src=\"https:\/\/wip-industrie.de\/wp-content\/uploads\/2012\/09\/Prototyping-WiP-Industrie_03-150x150.jpg\" class=\"attachment-thumbnail size-thumbnail\" alt=\"\" decoding=\"async\" loading=\"lazy\" \/><\/a>\n\t\t\t<\/dt><\/dl><dl class='gallery-item'>\n\t\t\t<dt class='gallery-icon portrait'>\n\t\t\t\t<a href='https:\/\/wip-industrie.de\/wp-content\/uploads\/2012\/09\/Prototyping-WiP-Industrie_03.jpg'><img width=\"150\" height=\"150\" src=\"https:\/\/wip-industrie.de\/wp-content\/uploads\/2012\/09\/Prototyping-WiP-Industrie_03-150x150.jpg\" class=\"attachment-thumbnail size-thumbnail\" alt=\"\" decoding=\"async\" loading=\"lazy\" \/><\/a>\n\t\t\t<\/dt><\/dl><br style=\"clear: both\" \/><dl class='gallery-item'>\n\t\t\t<dt class='gallery-icon portrait'>\n\t\t\t\t<a href='https:\/\/wip-industrie.de\/wp-content\/uploads\/2012\/09\/Prototyping-WiP-Industrie_04.jpg'><img width=\"150\" height=\"150\" src=\"https:\/\/wip-industrie.de\/wp-content\/uploads\/2012\/09\/Prototyping-WiP-Industrie_04-150x150.jpg\" class=\"attachment-thumbnail size-thumbnail\" alt=\"\" decoding=\"async\" loading=\"lazy\" srcset=\"https:\/\/wip-industrie.de\/wp-content\/uploads\/2012\/09\/Prototyping-WiP-Industrie_04-150x150.jpg 150w, https:\/\/wip-industrie.de\/wp-content\/uploads\/2012\/09\/Prototyping-WiP-Industrie_04-300x300.jpg 300w, https:\/\/wip-industrie.de\/wp-content\/uploads\/2012\/09\/Prototyping-WiP-Industrie_04-1022x1024.jpg 1022w, https:\/\/wip-industrie.de\/wp-content\/uploads\/2012\/09\/Prototyping-WiP-Industrie_04-65x65.jpg 65w, https:\/\/wip-industrie.de\/wp-content\/uploads\/2012\/09\/Prototyping-WiP-Industrie_04.jpg 1280w\" sizes=\"(max-width: 150px) 100vw, 150px\" \/><\/a>\n\t\t\t<\/dt><\/dl><dl class='gallery-item'>\n\t\t\t<dt class='gallery-icon landscape'>\n\t\t\t\t<a href='https:\/\/wip-industrie.de\/wp-content\/uploads\/2012\/09\/Prototyping-WiP-Industrie_01.jpg'><img width=\"150\" height=\"150\" src=\"https:\/\/wip-industrie.de\/wp-content\/uploads\/2012\/09\/Prototyping-WiP-Industrie_01-150x150.jpg\" class=\"attachment-thumbnail size-thumbnail\" alt=\"\" decoding=\"async\" loading=\"lazy\" srcset=\"https:\/\/wip-industrie.de\/wp-content\/uploads\/2012\/09\/Prototyping-WiP-Industrie_01-150x150.jpg 150w, https:\/\/wip-industrie.de\/wp-content\/uploads\/2012\/09\/Prototyping-WiP-Industrie_01-300x300.jpg 300w, https:\/\/wip-industrie.de\/wp-content\/uploads\/2012\/09\/Prototyping-WiP-Industrie_01-1024x1024.jpg 1024w, https:\/\/wip-industrie.de\/wp-content\/uploads\/2012\/09\/Prototyping-WiP-Industrie_01-65x65.jpg 65w, https:\/\/wip-industrie.de\/wp-content\/uploads\/2012\/09\/Prototyping-WiP-Industrie_01.jpg 1280w\" sizes=\"(max-width: 150px) 100vw, 150px\" \/><\/a>\n\t\t\t<\/dt><\/dl><dl class='gallery-item'>\n\t\t\t<dt class='gallery-icon landscape'>\n\t\t\t\t<a href='https:\/\/wip-industrie.de\/wp-content\/uploads\/2012\/09\/Prototyping-WiP-Industrie_02.jpg'><img width=\"150\" height=\"150\" src=\"https:\/\/wip-industrie.de\/wp-content\/uploads\/2012\/09\/Prototyping-WiP-Industrie_02-150x150.jpg\" class=\"attachment-thumbnail size-thumbnail\" alt=\"\" decoding=\"async\" loading=\"lazy\" \/><\/a>\n\t\t\t<\/dt><\/dl>\n\t\t\t<br style='clear: both' \/>\n\t\t<\/div>\n<\/p>\n<p>Datab\u00e1zi s n\u00e1mi spolupracuj\u00edc\u00edch firem neust\u00e1le aktualizujeme.\u00a0 Pokud hled\u00e1te spolehliv\u00e9ho obchodn\u00edho partnera, kter\u00fd V\u00e1m pom\u016f\u017ee vyt\u00ed\u017eit kapacitu Va\u0161ich stroj\u016f, obra\u0165te se na n\u00e1s!<\/p>\n<p><a class=\"secondary medium button\" title=\"Kontaktujte n\u00e1s\" href=\"https:\/\/wip-industrie.de\/cs\/kontakty\/\">Kontaktujte n\u00e1s<\/a><\/p>\n","protected":false},"excerpt":{"rendered":"<p>Firma WIP je k\u00a0dispozici sv\u00fdm z\u00e1kazn\u00edk\u016fm v\u00a0pr\u016fb\u011bhu cel\u00e9ho v\u00fdvoje nov\u00e9ho produktu \u2013 od konstrukce, p\u0159es v\u00fdrobu vzorov\u00fdch d\u00edl\u016f, optimalizaci produktu a\u017e po mo\u017enost zpost\u0159edkov\u00e1n\u00ed kontaktu na firmu, kter\u00e1 po\u017eadovan\u00e9 d\u00edly vyrob\u00ed. Datab\u00e1zi s n\u00e1mi spolupracuj\u00edc\u00edch firem neust\u00e1le aktualizujeme.\u00a0 Pokud hled\u00e1te spolehliv\u00e9ho obchodn\u00edho partnera, kter\u00fd V\u00e1m pom\u016f\u017ee vyt\u00ed\u017eit kapacitu Va\u0161ich stroj\u016f, obra\u0165te se na n\u00e1s!<\/p>\n","protected":false},"author":1,"featured_media":28,"parent":387,"menu_order":0,"comment_status":"closed","ping_status":"closed","template":"","meta":[],"yoast_head":"<!-- This site is optimized with the Yoast SEO plugin v19.11 - https:\/\/yoast.com\/wordpress\/plugins\/seo\/ -->\n<title>Prototyping - WiP Industriedienstleistungen<\/title>\n<meta name=\"robots\" content=\"index, follow, max-snippet:-1, max-image-preview:large, max-video-preview:-1\" \/>\n<link rel=\"canonical\" href=\"https:\/\/wip-industrie.de\/cs\/leistungen-cs\/prototyping\/\" \/>\n<meta property=\"og:locale\" content=\"cs_CZ\" \/>\n<meta property=\"og:type\" content=\"article\" \/>\n<meta property=\"og:title\" content=\"Prototyping - WiP Industriedienstleistungen\" \/>\n<meta property=\"og:description\" content=\"Firma WIP je k\u00a0dispozici sv\u00fdm z\u00e1kazn\u00edk\u016fm v\u00a0pr\u016fb\u011bhu cel\u00e9ho v\u00fdvoje nov\u00e9ho produktu \u2013 od konstrukce, p\u0159es v\u00fdrobu vzorov\u00fdch d\u00edl\u016f, optimalizaci produktu a\u017e po mo\u017enost zpost\u0159edkov\u00e1n\u00ed kontaktu na firmu, kter\u00e1 po\u017eadovan\u00e9 d\u00edly vyrob\u00ed. Datab\u00e1zi s n\u00e1mi spolupracuj\u00edc\u00edch firem neust\u00e1le aktualizujeme.\u00a0 Pokud hled\u00e1te spolehliv\u00e9ho obchodn\u00edho partnera, kter\u00fd V\u00e1m pom\u016f\u017ee vyt\u00ed\u017eit kapacitu Va\u0161ich stroj\u016f, obra\u0165te se na n\u00e1s!\" \/>\n<meta property=\"og:url\" content=\"https:\/\/wip-industrie.de\/cs\/leistungen-cs\/prototyping\/\" \/>\n<meta property=\"og:site_name\" content=\"WiP Industriedienstleistungen\" \/>\n<meta property=\"article:publisher\" content=\"https:\/\/www.facebook.com\/wipindustrie\" \/>\n<meta property=\"article:modified_time\" content=\"2012-10-01T13:31:52+00:00\" \/>\n<meta property=\"og:image\" content=\"https:\/\/wip-industrie.de\/wp-content\/uploads\/2012\/07\/Artikelbild-3600-960-2001.jpg\" \/>\n\t<meta property=\"og:image:width\" content=\"970\" \/>\n\t<meta property=\"og:image:height\" content=\"200\" \/>\n\t<meta property=\"og:image:type\" content=\"image\/jpeg\" \/>\n<meta name=\"twitter:label1\" content=\"Odhadovan\u00e1 doba \u010dten\u00ed\" \/>\n\t<meta name=\"twitter:data1\" content=\"1 minuta\" \/>\n<script type=\"application\/ld+json\" class=\"yoast-schema-graph\">{\"@context\":\"https:\/\/schema.org\",\"@graph\":[{\"@type\":\"WebPage\",\"@id\":\"https:\/\/wip-industrie.de\/cs\/leistungen-cs\/prototyping\/\",\"url\":\"https:\/\/wip-industrie.de\/cs\/leistungen-cs\/prototyping\/\",\"name\":\"Prototyping - WiP Industriedienstleistungen\",\"isPartOf\":{\"@id\":\"https:\/\/wip-industrie.de\/#website\"},\"datePublished\":\"2012-09-28T11:12:45+00:00\",\"dateModified\":\"2012-10-01T13:31:52+00:00\",\"breadcrumb\":{\"@id\":\"https:\/\/wip-industrie.de\/cs\/leistungen-cs\/prototyping\/#breadcrumb\"},\"inLanguage\":\"cs\",\"potentialAction\":[{\"@type\":\"ReadAction\",\"target\":[\"https:\/\/wip-industrie.de\/cs\/leistungen-cs\/prototyping\/\"]}]},{\"@type\":\"BreadcrumbList\",\"@id\":\"https:\/\/wip-industrie.de\/cs\/leistungen-cs\/prototyping\/#breadcrumb\",\"itemListElement\":[{\"@type\":\"ListItem\",\"position\":1,\"name\":\"Dom\u016f\",\"item\":\"https:\/\/wip-industrie.de\/cs\/\"},{\"@type\":\"ListItem\",\"position\":2,\"name\":\"Leistungen cs\",\"item\":\"https:\/\/wip-industrie.de\/cs\/leistungen-cs\/\"},{\"@type\":\"ListItem\",\"position\":3,\"name\":\"Prototyping\"}]},{\"@type\":\"WebSite\",\"@id\":\"https:\/\/wip-industrie.de\/#website\",\"url\":\"https:\/\/wip-industrie.de\/\",\"name\":\"WiP Industriedienstleistungen\",\"description\":\"Eine weitere WordPress-Seite\",\"potentialAction\":[{\"@type\":\"SearchAction\",\"target\":{\"@type\":\"EntryPoint\",\"urlTemplate\":\"https:\/\/wip-industrie.de\/?s={search_term_string}\"},\"query-input\":\"required name=search_term_string\"}],\"inLanguage\":\"cs\"}]}<\/script>\n<!-- \/ Yoast SEO plugin. -->","yoast_head_json":{"title":"Prototyping - WiP Industriedienstleistungen","robots":{"index":"index","follow":"follow","max-snippet":"max-snippet:-1","max-image-preview":"max-image-preview:large","max-video-preview":"max-video-preview:-1"},"canonical":"https:\/\/wip-industrie.de\/cs\/leistungen-cs\/prototyping\/","og_locale":"cs_CZ","og_type":"article","og_title":"Prototyping - WiP Industriedienstleistungen","og_description":"Firma WIP je k\u00a0dispozici sv\u00fdm z\u00e1kazn\u00edk\u016fm v\u00a0pr\u016fb\u011bhu cel\u00e9ho v\u00fdvoje nov\u00e9ho produktu \u2013 od konstrukce, p\u0159es v\u00fdrobu vzorov\u00fdch d\u00edl\u016f, optimalizaci produktu a\u017e po mo\u017enost zpost\u0159edkov\u00e1n\u00ed kontaktu na firmu, kter\u00e1 po\u017eadovan\u00e9 d\u00edly vyrob\u00ed. Datab\u00e1zi s n\u00e1mi spolupracuj\u00edc\u00edch firem neust\u00e1le aktualizujeme.\u00a0 Pokud hled\u00e1te spolehliv\u00e9ho obchodn\u00edho partnera, kter\u00fd V\u00e1m pom\u016f\u017ee vyt\u00ed\u017eit kapacitu Va\u0161ich stroj\u016f, obra\u0165te se na n\u00e1s!","og_url":"https:\/\/wip-industrie.de\/cs\/leistungen-cs\/prototyping\/","og_site_name":"WiP Industriedienstleistungen","article_publisher":"https:\/\/www.facebook.com\/wipindustrie","article_modified_time":"2012-10-01T13:31:52+00:00","og_image":[{"width":"970","height":"200","url":"https:\/\/wip-industrie.de\/wp-content\/uploads\/2012\/07\/Artikelbild-3600-960-2001.jpg","type":"image\/jpeg"}],"twitter_misc":{"Odhadovan\u00e1 doba \u010dten\u00ed":"1 minuta"},"schema":{"@context":"https:\/\/schema.org","@graph":[{"@type":"WebPage","@id":"https:\/\/wip-industrie.de\/cs\/leistungen-cs\/prototyping\/","url":"https:\/\/wip-industrie.de\/cs\/leistungen-cs\/prototyping\/","name":"Prototyping - WiP Industriedienstleistungen","isPartOf":{"@id":"https:\/\/wip-industrie.de\/#website"},"datePublished":"2012-09-28T11:12:45+00:00","dateModified":"2012-10-01T13:31:52+00:00","breadcrumb":{"@id":"https:\/\/wip-industrie.de\/cs\/leistungen-cs\/prototyping\/#breadcrumb"},"inLanguage":"cs","potentialAction":[{"@type":"ReadAction","target":["https:\/\/wip-industrie.de\/cs\/leistungen-cs\/prototyping\/"]}]},{"@type":"BreadcrumbList","@id":"https:\/\/wip-industrie.de\/cs\/leistungen-cs\/prototyping\/#breadcrumb","itemListElement":[{"@type":"ListItem","position":1,"name":"Dom\u016f","item":"https:\/\/wip-industrie.de\/cs\/"},{"@type":"ListItem","position":2,"name":"Leistungen cs","item":"https:\/\/wip-industrie.de\/cs\/leistungen-cs\/"},{"@type":"ListItem","position":3,"name":"Prototyping"}]},{"@type":"WebSite","@id":"https:\/\/wip-industrie.de\/#website","url":"https:\/\/wip-industrie.de\/","name":"WiP Industriedienstleistungen","description":"Eine weitere WordPress-Seite","potentialAction":[{"@type":"SearchAction","target":{"@type":"EntryPoint","urlTemplate":"https:\/\/wip-industrie.de\/?s={search_term_string}"},"query-input":"required name=search_term_string"}],"inLanguage":"cs"}]}},"_links":{"self":[{"href":"https:\/\/wip-industrie.de\/cs\/wp-json\/wp\/v2\/pages\/428"}],"collection":[{"href":"https:\/\/wip-industrie.de\/cs\/wp-json\/wp\/v2\/pages"}],"about":[{"href":"https:\/\/wip-industrie.de\/cs\/wp-json\/wp\/v2\/types\/page"}],"author":[{"embeddable":true,"href":"https:\/\/wip-industrie.de\/cs\/wp-json\/wp\/v2\/users\/1"}],"replies":[{"embeddable":true,"href":"https:\/\/wip-industrie.de\/cs\/wp-json\/wp\/v2\/comments?post=428"}],"version-history":[{"count":3,"href":"https:\/\/wip-industrie.de\/cs\/wp-json\/wp\/v2\/pages\/428\/revisions"}],"predecessor-version":[{"id":754,"href":"https:\/\/wip-industrie.de\/cs\/wp-json\/wp\/v2\/pages\/428\/revisions\/754"}],"up":[{"embeddable":true,"href":"https:\/\/wip-industrie.de\/cs\/wp-json\/wp\/v2\/pages\/387"}],"wp:featuredmedia":[{"embeddable":true,"href":"https:\/\/wip-industrie.de\/cs\/wp-json\/wp\/v2\/media\/28"}],"wp:attachment":[{"href":"https:\/\/wip-industrie.de\/cs\/wp-json\/wp\/v2\/media?parent=428"}],"curies":[{"name":"wp","href":"https:\/\/api.w.org\/{rel}","templated":true}]}}