{"id":422,"date":"2012-09-28T13:10:39","date_gmt":"2012-09-28T11:10:39","guid":{"rendered":"http:\/\/wip-industrie.de\/?page_id=422"},"modified":"2012-10-01T15:31:38","modified_gmt":"2012-10-01T13:31:38","slug":"povrchove-zpracovani","status":"publish","type":"page","link":"https:\/\/wip-industrie.de\/cs\/leistungen-cs\/povrchove-zpracovani\/","title":{"rendered":"Povrchov\u00e9 zpracov\u00e1n\u00ed"},"content":{"rendered":"<p><a title=\"Alu-Deckel mit Polyamid beschichtet\" href=\"https:\/\/wip-industrie.de\/wp-content\/uploads\/oberflaechenbehandlung-01.jpg\"><img decoding=\"async\" loading=\"lazy\" class=\"alignleft\" title=\"Alu-Deckel mit Polyamid beschichtet\" src=\"https:\/\/wip-industrie.de\/wp-content\/uploads\/oberflaechenbehandlung-01-150x150.jpg\" alt=\"Alu-Deckel mit Polyamid beschichtet\" width=\"150\" height=\"150\" \/><\/a>Firma WIP pom\u00e1h\u00e1 sv\u00fdm z\u00e1kazn\u00edk\u016fm naj\u00edt optim\u00e1ln\u00ed \u0159e\u0161en\u00ed pro povrchovou \u00fapravu d\u00edl\u016f, a to \u010dasto i velmi speci\u00e1ln\u00ed. Nab\u00edz\u00edme mo\u017enosti eloxov\u00e1n\u00ed, povlakov\u00e1n\u00ed metodou EMATAL, povlakov\u00e1n\u00ed materi\u00e1lem PPA, trysk\u00e1n\u00ed ledem nebo sklen\u011bn\u00fdmi perlami atd.<\/p>\n<p><a class=\"secondary medium button\" title=\"Kontaktujte n\u00e1s\" href=\"https:\/\/wip-industrie.de\/cs\/kontakty\/\">Kontaktujte n\u00e1s<\/a><\/p>\n","protected":false},"excerpt":{"rendered":"<p>Firma WIP pom\u00e1h\u00e1 sv\u00fdm z\u00e1kazn\u00edk\u016fm naj\u00edt optim\u00e1ln\u00ed \u0159e\u0161en\u00ed pro povrchovou \u00fapravu d\u00edl\u016f, a to \u010dasto i velmi speci\u00e1ln\u00ed. Nab\u00edz\u00edme mo\u017enosti eloxov\u00e1n\u00ed, povlakov\u00e1n\u00ed metodou EMATAL, povlakov\u00e1n\u00ed materi\u00e1lem PPA, trysk\u00e1n\u00ed ledem nebo sklen\u011bn\u00fdmi perlami atd.<\/p>\n","protected":false},"author":1,"featured_media":150,"parent":387,"menu_order":0,"comment_status":"closed","ping_status":"closed","template":"","meta":[],"yoast_head":"<!-- This site is optimized with the Yoast SEO plugin v19.11 - https:\/\/yoast.com\/wordpress\/plugins\/seo\/ -->\n<title>Povrchov\u00e9 zpracov\u00e1n\u00ed - WiP Industriedienstleistungen<\/title>\n<meta name=\"robots\" content=\"index, follow, max-snippet:-1, max-image-preview:large, max-video-preview:-1\" \/>\n<link rel=\"canonical\" href=\"https:\/\/wip-industrie.de\/cs\/leistungen-cs\/povrchove-zpracovani\/\" \/>\n<meta property=\"og:locale\" content=\"cs_CZ\" \/>\n<meta property=\"og:type\" content=\"article\" \/>\n<meta property=\"og:title\" content=\"Povrchov\u00e9 zpracov\u00e1n\u00ed - WiP Industriedienstleistungen\" \/>\n<meta property=\"og:description\" content=\"Firma WIP pom\u00e1h\u00e1 sv\u00fdm z\u00e1kazn\u00edk\u016fm naj\u00edt optim\u00e1ln\u00ed \u0159e\u0161en\u00ed pro povrchovou \u00fapravu d\u00edl\u016f, a to \u010dasto i velmi speci\u00e1ln\u00ed. Nab\u00edz\u00edme mo\u017enosti eloxov\u00e1n\u00ed, povlakov\u00e1n\u00ed metodou EMATAL, povlakov\u00e1n\u00ed materi\u00e1lem PPA, trysk\u00e1n\u00ed ledem nebo sklen\u011bn\u00fdmi perlami atd.\" \/>\n<meta property=\"og:url\" content=\"https:\/\/wip-industrie.de\/cs\/leistungen-cs\/povrchove-zpracovani\/\" \/>\n<meta property=\"og:site_name\" content=\"WiP Industriedienstleistungen\" \/>\n<meta property=\"article:publisher\" content=\"https:\/\/www.facebook.com\/wipindustrie\" \/>\n<meta property=\"article:modified_time\" content=\"2012-10-01T13:31:38+00:00\" \/>\n<meta property=\"og:image\" content=\"https:\/\/wip-industrie.de\/wp-content\/uploads\/2012\/09\/oberflaechenbehandlung-artikel.jpg\" \/>\n\t<meta property=\"og:image:width\" content=\"970\" \/>\n\t<meta property=\"og:image:height\" content=\"200\" \/>\n\t<meta property=\"og:image:type\" content=\"image\/jpeg\" \/>\n<script type=\"application\/ld+json\" class=\"yoast-schema-graph\">{\"@context\":\"https:\/\/schema.org\",\"@graph\":[{\"@type\":\"WebPage\",\"@id\":\"https:\/\/wip-industrie.de\/cs\/leistungen-cs\/povrchove-zpracovani\/\",\"url\":\"https:\/\/wip-industrie.de\/cs\/leistungen-cs\/povrchove-zpracovani\/\",\"name\":\"Povrchov\u00e9 zpracov\u00e1n\u00ed - WiP Industriedienstleistungen\",\"isPartOf\":{\"@id\":\"https:\/\/wip-industrie.de\/#website\"},\"datePublished\":\"2012-09-28T11:10:39+00:00\",\"dateModified\":\"2012-10-01T13:31:38+00:00\",\"breadcrumb\":{\"@id\":\"https:\/\/wip-industrie.de\/cs\/leistungen-cs\/povrchove-zpracovani\/#breadcrumb\"},\"inLanguage\":\"cs\",\"potentialAction\":[{\"@type\":\"ReadAction\",\"target\":[\"https:\/\/wip-industrie.de\/cs\/leistungen-cs\/povrchove-zpracovani\/\"]}]},{\"@type\":\"BreadcrumbList\",\"@id\":\"https:\/\/wip-industrie.de\/cs\/leistungen-cs\/povrchove-zpracovani\/#breadcrumb\",\"itemListElement\":[{\"@type\":\"ListItem\",\"position\":1,\"name\":\"Dom\u016f\",\"item\":\"https:\/\/wip-industrie.de\/cs\/\"},{\"@type\":\"ListItem\",\"position\":2,\"name\":\"Leistungen cs\",\"item\":\"https:\/\/wip-industrie.de\/cs\/leistungen-cs\/\"},{\"@type\":\"ListItem\",\"position\":3,\"name\":\"Povrchov\u00e9 zpracov\u00e1n\u00ed\"}]},{\"@type\":\"WebSite\",\"@id\":\"https:\/\/wip-industrie.de\/#website\",\"url\":\"https:\/\/wip-industrie.de\/\",\"name\":\"WiP Industriedienstleistungen\",\"description\":\"Eine weitere WordPress-Seite\",\"potentialAction\":[{\"@type\":\"SearchAction\",\"target\":{\"@type\":\"EntryPoint\",\"urlTemplate\":\"https:\/\/wip-industrie.de\/?s={search_term_string}\"},\"query-input\":\"required name=search_term_string\"}],\"inLanguage\":\"cs\"}]}<\/script>\n<!-- \/ Yoast SEO plugin. -->","yoast_head_json":{"title":"Povrchov\u00e9 zpracov\u00e1n\u00ed - WiP Industriedienstleistungen","robots":{"index":"index","follow":"follow","max-snippet":"max-snippet:-1","max-image-preview":"max-image-preview:large","max-video-preview":"max-video-preview:-1"},"canonical":"https:\/\/wip-industrie.de\/cs\/leistungen-cs\/povrchove-zpracovani\/","og_locale":"cs_CZ","og_type":"article","og_title":"Povrchov\u00e9 zpracov\u00e1n\u00ed - WiP Industriedienstleistungen","og_description":"Firma WIP pom\u00e1h\u00e1 sv\u00fdm z\u00e1kazn\u00edk\u016fm naj\u00edt optim\u00e1ln\u00ed \u0159e\u0161en\u00ed pro povrchovou \u00fapravu d\u00edl\u016f, a to \u010dasto i velmi speci\u00e1ln\u00ed. Nab\u00edz\u00edme mo\u017enosti eloxov\u00e1n\u00ed, povlakov\u00e1n\u00ed metodou EMATAL, povlakov\u00e1n\u00ed materi\u00e1lem PPA, trysk\u00e1n\u00ed ledem nebo sklen\u011bn\u00fdmi perlami atd.","og_url":"https:\/\/wip-industrie.de\/cs\/leistungen-cs\/povrchove-zpracovani\/","og_site_name":"WiP Industriedienstleistungen","article_publisher":"https:\/\/www.facebook.com\/wipindustrie","article_modified_time":"2012-10-01T13:31:38+00:00","og_image":[{"width":"970","height":"200","url":"https:\/\/wip-industrie.de\/wp-content\/uploads\/2012\/09\/oberflaechenbehandlung-artikel.jpg","type":"image\/jpeg"}],"schema":{"@context":"https:\/\/schema.org","@graph":[{"@type":"WebPage","@id":"https:\/\/wip-industrie.de\/cs\/leistungen-cs\/povrchove-zpracovani\/","url":"https:\/\/wip-industrie.de\/cs\/leistungen-cs\/povrchove-zpracovani\/","name":"Povrchov\u00e9 zpracov\u00e1n\u00ed - WiP Industriedienstleistungen","isPartOf":{"@id":"https:\/\/wip-industrie.de\/#website"},"datePublished":"2012-09-28T11:10:39+00:00","dateModified":"2012-10-01T13:31:38+00:00","breadcrumb":{"@id":"https:\/\/wip-industrie.de\/cs\/leistungen-cs\/povrchove-zpracovani\/#breadcrumb"},"inLanguage":"cs","potentialAction":[{"@type":"ReadAction","target":["https:\/\/wip-industrie.de\/cs\/leistungen-cs\/povrchove-zpracovani\/"]}]},{"@type":"BreadcrumbList","@id":"https:\/\/wip-industrie.de\/cs\/leistungen-cs\/povrchove-zpracovani\/#breadcrumb","itemListElement":[{"@type":"ListItem","position":1,"name":"Dom\u016f","item":"https:\/\/wip-industrie.de\/cs\/"},{"@type":"ListItem","position":2,"name":"Leistungen cs","item":"https:\/\/wip-industrie.de\/cs\/leistungen-cs\/"},{"@type":"ListItem","position":3,"name":"Povrchov\u00e9 zpracov\u00e1n\u00ed"}]},{"@type":"WebSite","@id":"https:\/\/wip-industrie.de\/#website","url":"https:\/\/wip-industrie.de\/","name":"WiP Industriedienstleistungen","description":"Eine weitere WordPress-Seite","potentialAction":[{"@type":"SearchAction","target":{"@type":"EntryPoint","urlTemplate":"https:\/\/wip-industrie.de\/?s={search_term_string}"},"query-input":"required name=search_term_string"}],"inLanguage":"cs"}]}},"_links":{"self":[{"href":"https:\/\/wip-industrie.de\/cs\/wp-json\/wp\/v2\/pages\/422"}],"collection":[{"href":"https:\/\/wip-industrie.de\/cs\/wp-json\/wp\/v2\/pages"}],"about":[{"href":"https:\/\/wip-industrie.de\/cs\/wp-json\/wp\/v2\/types\/page"}],"author":[{"embeddable":true,"href":"https:\/\/wip-industrie.de\/cs\/wp-json\/wp\/v2\/users\/1"}],"replies":[{"embeddable":true,"href":"https:\/\/wip-industrie.de\/cs\/wp-json\/wp\/v2\/comments?post=422"}],"version-history":[{"count":3,"href":"https:\/\/wip-industrie.de\/cs\/wp-json\/wp\/v2\/pages\/422\/revisions"}],"predecessor-version":[{"id":753,"href":"https:\/\/wip-industrie.de\/cs\/wp-json\/wp\/v2\/pages\/422\/revisions\/753"}],"up":[{"embeddable":true,"href":"https:\/\/wip-industrie.de\/cs\/wp-json\/wp\/v2\/pages\/387"}],"wp:featuredmedia":[{"embeddable":true,"href":"https:\/\/wip-industrie.de\/cs\/wp-json\/wp\/v2\/media\/150"}],"wp:attachment":[{"href":"https:\/\/wip-industrie.de\/cs\/wp-json\/wp\/v2\/media?parent=422"}],"curies":[{"name":"wp","href":"https:\/\/api.w.org\/{rel}","templated":true}]}}