{"id":405,"date":"2012-09-28T13:05:26","date_gmt":"2012-09-28T11:05:26","guid":{"rendered":"http:\/\/wip-industrie.de\/?page_id=405"},"modified":"2013-01-17T15:59:19","modified_gmt":"2013-01-17T13:59:19","slug":"full-service","status":"publish","type":"page","link":"https:\/\/wip-industrie.de\/cs\/leistungen-cs\/full-service\/","title":{"rendered":"Full-Service"},"content":{"rendered":"<p>Na\u0161i specializaci je zak\u00e1zkov\u00e1 v\u00fdroba v kooperaci, tzv. Full-Service. Na\u0161\u00edm z\u00e1kazn\u00edk\u016fm nab\u00edz\u00edme nejen soustru\u017een\u00e9 a fr\u00e9zovan\u00e9 d\u00edly nebo nejr\u016fzn\u011bj\u0161\u00ed strojn\u00ed sou\u010d\u00e1stky, ale star\u00e1me se i o povrchovou \u00fapravu, speci\u00e1ln\u00ed zna\u010deni, dopravu, mont\u00e1\u017e a dal\u0161\u00ed.<\/p>\n<p>\u010casto spolupracujeme i s marketingov\u00fdmi odd\u011blen\u00edmi velk\u00fdch firem, kter\u00e9 u n\u00e1s objedn\u00e1vaj\u00ed komplexn\u00ed v\u00fdrobky, jako nap\u0159\u00edklad v\u00fdrobu a dod\u00e1ni prezenta\u010dn\u00edch kufru nebo prezenta\u010dn\u00edch tabuli se vzorky v\u00fdrobn\u00edch s\u00e9rii ur\u010dit\u00fdch produkt\u016f.<\/p>\n<p><a class=\"secondary medium button\" title=\"Kontaktujte n\u00e1s\" href=\"https:\/\/wip-industrie.de\/cs\/kontakty\/\">Kontaktujte n\u00e1s<\/a><\/p>\n","protected":false},"excerpt":{"rendered":"<p>Na\u0161i specializaci je zak\u00e1zkov\u00e1 v\u00fdroba v kooperaci, tzv. Full-Service. Na\u0161\u00edm z\u00e1kazn\u00edk\u016fm nab\u00edz\u00edme nejen soustru\u017een\u00e9 a fr\u00e9zovan\u00e9 d\u00edly nebo nejr\u016fzn\u011bj\u0161\u00ed strojn\u00ed sou\u010d\u00e1stky, ale star\u00e1me se i o povrchovou \u00fapravu, speci\u00e1ln\u00ed zna\u010deni, dopravu, mont\u00e1\u017e a dal\u0161\u00ed. \u010casto spolupracujeme i s marketingov\u00fdmi odd\u011blen\u00edmi velk\u00fdch firem, kter\u00e9 u n\u00e1s objedn\u00e1vaj\u00ed komplexn\u00ed v\u00fdrobky, jako nap\u0159\u00edklad v\u00fdrobu a dod\u00e1ni prezenta\u010dn\u00edch kufru [&hellip;]<\/p>\n","protected":false},"author":1,"featured_media":0,"parent":387,"menu_order":0,"comment_status":"closed","ping_status":"closed","template":"","meta":[],"yoast_head":"<!-- This site is optimized with the Yoast SEO plugin v19.11 - https:\/\/yoast.com\/wordpress\/plugins\/seo\/ -->\n<title>Full-Service - WiP Industriedienstleistungen<\/title>\n<meta name=\"robots\" content=\"index, follow, max-snippet:-1, max-image-preview:large, max-video-preview:-1\" \/>\n<link rel=\"canonical\" href=\"https:\/\/wip-industrie.de\/cs\/leistungen-cs\/full-service\/\" \/>\n<meta property=\"og:locale\" content=\"cs_CZ\" \/>\n<meta property=\"og:type\" content=\"article\" \/>\n<meta property=\"og:title\" content=\"Full-Service - WiP Industriedienstleistungen\" \/>\n<meta property=\"og:description\" content=\"Na\u0161i specializaci je zak\u00e1zkov\u00e1 v\u00fdroba v kooperaci, tzv. Full-Service. Na\u0161\u00edm z\u00e1kazn\u00edk\u016fm nab\u00edz\u00edme nejen soustru\u017een\u00e9 a fr\u00e9zovan\u00e9 d\u00edly nebo nejr\u016fzn\u011bj\u0161\u00ed strojn\u00ed sou\u010d\u00e1stky, ale star\u00e1me se i o povrchovou \u00fapravu, speci\u00e1ln\u00ed zna\u010deni, dopravu, mont\u00e1\u017e a dal\u0161\u00ed. \u010casto spolupracujeme i s marketingov\u00fdmi odd\u011blen\u00edmi velk\u00fdch firem, kter\u00e9 u n\u00e1s objedn\u00e1vaj\u00ed komplexn\u00ed v\u00fdrobky, jako nap\u0159\u00edklad v\u00fdrobu a dod\u00e1ni prezenta\u010dn\u00edch kufru [&hellip;]\" \/>\n<meta property=\"og:url\" content=\"https:\/\/wip-industrie.de\/cs\/leistungen-cs\/full-service\/\" \/>\n<meta property=\"og:site_name\" content=\"WiP Industriedienstleistungen\" \/>\n<meta property=\"article:publisher\" content=\"https:\/\/www.facebook.com\/wipindustrie\" \/>\n<meta property=\"article:modified_time\" content=\"2013-01-17T13:59:19+00:00\" \/>\n<meta property=\"og:image\" content=\"https:\/\/wip-industrie.de\/wp-content\/uploads\/wip-industrie.jpg\" \/>\n\t<meta property=\"og:image:width\" content=\"1920\" \/>\n\t<meta property=\"og:image:height\" content=\"1080\" \/>\n\t<meta property=\"og:image:type\" content=\"image\/jpeg\" \/>\n<meta name=\"twitter:label1\" content=\"Odhadovan\u00e1 doba \u010dten\u00ed\" \/>\n\t<meta name=\"twitter:data1\" content=\"1 minuta\" \/>\n<script type=\"application\/ld+json\" class=\"yoast-schema-graph\">{\"@context\":\"https:\/\/schema.org\",\"@graph\":[{\"@type\":\"WebPage\",\"@id\":\"https:\/\/wip-industrie.de\/cs\/leistungen-cs\/full-service\/\",\"url\":\"https:\/\/wip-industrie.de\/cs\/leistungen-cs\/full-service\/\",\"name\":\"Full-Service - WiP Industriedienstleistungen\",\"isPartOf\":{\"@id\":\"https:\/\/wip-industrie.de\/#website\"},\"datePublished\":\"2012-09-28T11:05:26+00:00\",\"dateModified\":\"2013-01-17T13:59:19+00:00\",\"breadcrumb\":{\"@id\":\"https:\/\/wip-industrie.de\/cs\/leistungen-cs\/full-service\/#breadcrumb\"},\"inLanguage\":\"cs\",\"potentialAction\":[{\"@type\":\"ReadAction\",\"target\":[\"https:\/\/wip-industrie.de\/cs\/leistungen-cs\/full-service\/\"]}]},{\"@type\":\"BreadcrumbList\",\"@id\":\"https:\/\/wip-industrie.de\/cs\/leistungen-cs\/full-service\/#breadcrumb\",\"itemListElement\":[{\"@type\":\"ListItem\",\"position\":1,\"name\":\"Dom\u016f\",\"item\":\"https:\/\/wip-industrie.de\/cs\/\"},{\"@type\":\"ListItem\",\"position\":2,\"name\":\"Leistungen cs\",\"item\":\"https:\/\/wip-industrie.de\/cs\/leistungen-cs\/\"},{\"@type\":\"ListItem\",\"position\":3,\"name\":\"Full-Service\"}]},{\"@type\":\"WebSite\",\"@id\":\"https:\/\/wip-industrie.de\/#website\",\"url\":\"https:\/\/wip-industrie.de\/\",\"name\":\"WiP Industriedienstleistungen\",\"description\":\"Eine weitere WordPress-Seite\",\"potentialAction\":[{\"@type\":\"SearchAction\",\"target\":{\"@type\":\"EntryPoint\",\"urlTemplate\":\"https:\/\/wip-industrie.de\/?s={search_term_string}\"},\"query-input\":\"required name=search_term_string\"}],\"inLanguage\":\"cs\"}]}<\/script>\n<!-- \/ Yoast SEO plugin. -->","yoast_head_json":{"title":"Full-Service - WiP Industriedienstleistungen","robots":{"index":"index","follow":"follow","max-snippet":"max-snippet:-1","max-image-preview":"max-image-preview:large","max-video-preview":"max-video-preview:-1"},"canonical":"https:\/\/wip-industrie.de\/cs\/leistungen-cs\/full-service\/","og_locale":"cs_CZ","og_type":"article","og_title":"Full-Service - WiP Industriedienstleistungen","og_description":"Na\u0161i specializaci je zak\u00e1zkov\u00e1 v\u00fdroba v kooperaci, tzv. Full-Service. Na\u0161\u00edm z\u00e1kazn\u00edk\u016fm nab\u00edz\u00edme nejen soustru\u017een\u00e9 a fr\u00e9zovan\u00e9 d\u00edly nebo nejr\u016fzn\u011bj\u0161\u00ed strojn\u00ed sou\u010d\u00e1stky, ale star\u00e1me se i o povrchovou \u00fapravu, speci\u00e1ln\u00ed zna\u010deni, dopravu, mont\u00e1\u017e a dal\u0161\u00ed. \u010casto spolupracujeme i s marketingov\u00fdmi odd\u011blen\u00edmi velk\u00fdch firem, kter\u00e9 u n\u00e1s objedn\u00e1vaj\u00ed komplexn\u00ed v\u00fdrobky, jako nap\u0159\u00edklad v\u00fdrobu a dod\u00e1ni prezenta\u010dn\u00edch kufru [&hellip;]","og_url":"https:\/\/wip-industrie.de\/cs\/leistungen-cs\/full-service\/","og_site_name":"WiP Industriedienstleistungen","article_publisher":"https:\/\/www.facebook.com\/wipindustrie","article_modified_time":"2013-01-17T13:59:19+00:00","og_image":[{"width":1920,"height":1080,"url":"https:\/\/wip-industrie.de\/wp-content\/uploads\/wip-industrie.jpg","type":"image\/jpeg"}],"twitter_misc":{"Odhadovan\u00e1 doba \u010dten\u00ed":"1 minuta"},"schema":{"@context":"https:\/\/schema.org","@graph":[{"@type":"WebPage","@id":"https:\/\/wip-industrie.de\/cs\/leistungen-cs\/full-service\/","url":"https:\/\/wip-industrie.de\/cs\/leistungen-cs\/full-service\/","name":"Full-Service - WiP Industriedienstleistungen","isPartOf":{"@id":"https:\/\/wip-industrie.de\/#website"},"datePublished":"2012-09-28T11:05:26+00:00","dateModified":"2013-01-17T13:59:19+00:00","breadcrumb":{"@id":"https:\/\/wip-industrie.de\/cs\/leistungen-cs\/full-service\/#breadcrumb"},"inLanguage":"cs","potentialAction":[{"@type":"ReadAction","target":["https:\/\/wip-industrie.de\/cs\/leistungen-cs\/full-service\/"]}]},{"@type":"BreadcrumbList","@id":"https:\/\/wip-industrie.de\/cs\/leistungen-cs\/full-service\/#breadcrumb","itemListElement":[{"@type":"ListItem","position":1,"name":"Dom\u016f","item":"https:\/\/wip-industrie.de\/cs\/"},{"@type":"ListItem","position":2,"name":"Leistungen cs","item":"https:\/\/wip-industrie.de\/cs\/leistungen-cs\/"},{"@type":"ListItem","position":3,"name":"Full-Service"}]},{"@type":"WebSite","@id":"https:\/\/wip-industrie.de\/#website","url":"https:\/\/wip-industrie.de\/","name":"WiP Industriedienstleistungen","description":"Eine weitere WordPress-Seite","potentialAction":[{"@type":"SearchAction","target":{"@type":"EntryPoint","urlTemplate":"https:\/\/wip-industrie.de\/?s={search_term_string}"},"query-input":"required name=search_term_string"}],"inLanguage":"cs"}]}},"_links":{"self":[{"href":"https:\/\/wip-industrie.de\/cs\/wp-json\/wp\/v2\/pages\/405"}],"collection":[{"href":"https:\/\/wip-industrie.de\/cs\/wp-json\/wp\/v2\/pages"}],"about":[{"href":"https:\/\/wip-industrie.de\/cs\/wp-json\/wp\/v2\/types\/page"}],"author":[{"embeddable":true,"href":"https:\/\/wip-industrie.de\/cs\/wp-json\/wp\/v2\/users\/1"}],"replies":[{"embeddable":true,"href":"https:\/\/wip-industrie.de\/cs\/wp-json\/wp\/v2\/comments?post=405"}],"version-history":[{"count":4,"href":"https:\/\/wip-industrie.de\/cs\/wp-json\/wp\/v2\/pages\/405\/revisions"}],"predecessor-version":[{"id":946,"href":"https:\/\/wip-industrie.de\/cs\/wp-json\/wp\/v2\/pages\/405\/revisions\/946"}],"up":[{"embeddable":true,"href":"https:\/\/wip-industrie.de\/cs\/wp-json\/wp\/v2\/pages\/387"}],"wp:attachment":[{"href":"https:\/\/wip-industrie.de\/cs\/wp-json\/wp\/v2\/media?parent=405"}],"curies":[{"name":"wp","href":"https:\/\/api.w.org\/{rel}","templated":true}]}}