{"id":284,"date":"2012-09-10T15:36:15","date_gmt":"2012-09-10T13:36:15","guid":{"rendered":"http:\/\/wip-industrie.de\/?page_id=284"},"modified":"2020-05-06T16:14:48","modified_gmt":"2020-05-06T14:14:48","slug":"czech-wip-industrie-fur-sie-beschaffen-und-leisten-kann","status":"publish","type":"page","link":"https:\/\/wip-industrie.de\/cs\/","title":{"rendered":"Jak\u00e9 slu\u017eby V\u00e1m firma <span>WiP-Industrie<\/span> nab\u00edz\u00ed\/s \u010d\u00edm V\u00e1m m\u016f\u017eeme pomoci\u00a0"},"content":{"rendered":"\n<h1 class=\"has-text-align-center\">Jak\u00e9 slu\u017eby V\u00e1m firma WiP-Industrie nab\u00edz\u00ed\/s \u010d\u00edm V\u00e1m m\u016f\u017eeme pomoci<\/h1>\n\n\n<style id=\"kb-spacer_ea4883-4f\">.wp-block-kadence-spacer.kt-block-spacer-_ea4883-4f .kt-block-spacer{height:30px;}.wp-block-kadence-spacer.kt-block-spacer-_ea4883-4f .kt-divider{width:80%;}<\/style>\n<div class=\"wp-block-kadence-spacer aligncenter kt-block-spacer-_ea4883-4f\"><div class=\"kt-block-spacer kt-block-spacer-halign-center\" style=\"height:30px\"><\/div><\/div>\n\n\n\n<div class=\"is-layout-flow wp-block-group\"><div class=\"wp-block-group__inner-container\">\n<div class=\"is-layout-flex wp-container-9 wp-block-columns\">\n<div class=\"is-layout-flow wp-block-column\">\n<div class=\"is-layout-flex wp-container-3 wp-block-columns\">\n<div class=\"is-layout-flow wp-block-column\" style=\"flex-basis:33%\">\n<figure class=\"wp-block-image size-large\"><a href=\"https:\/\/wip-industrie.de\/cs\/leistungen-cs\/soustruzene-a-frezovane-dily\/\"><img decoding=\"async\" loading=\"lazy\" width=\"600\" height=\"600\" src=\"https:\/\/wip-industrie.de\/wp-content\/uploads\/drehteile-und-fraesteile3.jpeg\" alt=\"\" class=\"wp-image-572\" srcset=\"https:\/\/wip-industrie.de\/wp-content\/uploads\/drehteile-und-fraesteile3.jpeg 600w, https:\/\/wip-industrie.de\/wp-content\/uploads\/drehteile-und-fraesteile3-150x150.jpeg 150w, https:\/\/wip-industrie.de\/wp-content\/uploads\/drehteile-und-fraesteile3-300x300.jpeg 300w, https:\/\/wip-industrie.de\/wp-content\/uploads\/drehteile-und-fraesteile3-65x65.jpeg 65w\" sizes=\"(max-width: 600px) 100vw, 600px\" \/><\/a><\/figure>\n<\/div>\n\n\n\n<div class=\"is-layout-flow wp-block-column\">\n<h4>Soustru\u017een\u00e9 a fr\u00e9zovan\u00e9 d\u00edly<\/h4>\n\n\n\n<p>Na\u0161e firma se zab\u00fdv\u00e1 p\u0159edev\u0161\u00edm zak\u00e1zkovou v\u00fdrobou soustru\u017een\u00fdch a fr\u00e9zovan\u00fdch d\u00edl\u016f, d\u00edl\u016f vyroben\u00fdch z&nbsp;plechu \u2026&nbsp;<a href=\"https:\/\/wip-industrie.de\/cs\/leistungen-cs\/soustruzene-a-frezovane-dily\/\">\u010d\u00edst d\u00e1l<\/a><\/p>\n<\/div>\n<\/div>\n<\/div>\n\n\n\n<div class=\"is-layout-flow wp-block-column\">\n<div class=\"is-layout-flex wp-container-7 wp-block-columns\">\n<div class=\"is-layout-flow wp-block-column\" style=\"flex-basis:33%\">\n<figure class=\"wp-block-image size-large\"><a href=\"https:\/\/wip-industrie.de\/cs\/leistungen-cs\/strojni-dily\/\"><img decoding=\"async\" loading=\"lazy\" width=\"600\" height=\"600\" src=\"https:\/\/wip-industrie.de\/wp-content\/uploads\/maschinenteile3.jpeg\" alt=\"\" class=\"wp-image-577\" srcset=\"https:\/\/wip-industrie.de\/wp-content\/uploads\/maschinenteile3.jpeg 600w, https:\/\/wip-industrie.de\/wp-content\/uploads\/maschinenteile3-150x150.jpeg 150w, https:\/\/wip-industrie.de\/wp-content\/uploads\/maschinenteile3-300x300.jpeg 300w, https:\/\/wip-industrie.de\/wp-content\/uploads\/maschinenteile3-65x65.jpeg 65w\" sizes=\"(max-width: 600px) 100vw, 600px\" \/><\/a><\/figure>\n<\/div>\n\n\n\n<div class=\"is-layout-flow wp-block-column\">\n<h4>Strojn\u00ed d\u00edly<\/h4>\n\n\n\n<p>Dal\u0161\u00edm odv\u011btv\u00edm na\u0161\u00ed \u010dinnosti je zak\u00e1zkov\u00e1 v\u00fdroba strojn\u00edch d\u00edl\u016f, d\u00edl\u016f ohran\u011bn\u00fdch a d\u00edlu vypalovan\u00fdch laserem. Dod\u00e1v\u00e1me tak\u00e9 ozuben\u00e1 kola\u2026&nbsp;<a href=\"https:\/\/wip-industrie.de\/cs\/leistungen-cs\/strojni-dily\/\">\u010d\u00edst d\u00e1l<\/a><\/p>\n<\/div>\n<\/div>\n<\/div>\n<\/div>\n<\/div><\/div>\n\n\n\n<div class=\"is-layout-flow wp-block-group\"><div class=\"wp-block-group__inner-container\">\n<div class=\"is-layout-flex wp-container-19 wp-block-columns\">\n<div class=\"is-layout-flow wp-block-column\">\n<div class=\"is-layout-flex wp-container-13 wp-block-columns\">\n<div class=\"is-layout-flow wp-block-column\" style=\"flex-basis:33%\">\n<figure class=\"wp-block-image size-large\"><a href=\"https:\/\/wip-industrie.de\/cs\/leistungen-cs\/povrchove-zpracovani\/\"><img decoding=\"async\" loading=\"lazy\" width=\"600\" height=\"600\" src=\"https:\/\/wip-industrie.de\/wp-content\/uploads\/oberflachenbehandlung3.jpeg\" alt=\"\" class=\"wp-image-581\" srcset=\"https:\/\/wip-industrie.de\/wp-content\/uploads\/oberflachenbehandlung3.jpeg 600w, https:\/\/wip-industrie.de\/wp-content\/uploads\/oberflachenbehandlung3-150x150.jpeg 150w, https:\/\/wip-industrie.de\/wp-content\/uploads\/oberflachenbehandlung3-300x300.jpeg 300w, https:\/\/wip-industrie.de\/wp-content\/uploads\/oberflachenbehandlung3-65x65.jpeg 65w\" sizes=\"(max-width: 600px) 100vw, 600px\" \/><\/a><\/figure>\n\n\n\n<p><\/p>\n<\/div>\n\n\n\n<div class=\"is-layout-flow wp-block-column\">\n<h4>Povrchov\u00e9 zpracov\u00e1n\u00ed<\/h4>\n\n\n\n<p>Firma WIP pom\u00e1h\u00e1 sv\u00fdm z\u00e1kazn\u00edk\u016fm naj\u00edt optim\u00e1ln\u00ed \u0159e\u0161en\u00ed pro povrchovou \u00fapravu d\u00edl\u016f, a to \u010dasto i velmi speci\u00e1ln\u00ed \u2026&nbsp;<a href=\"https:\/\/wip-industrie.de\/cs\/leistungen-cs\/povrchove-zpracovani\/\">\u010d\u00edst d\u00e1l<\/a><\/p>\n<\/div>\n<\/div>\n<\/div>\n\n\n\n<div class=\"is-layout-flow wp-block-column\">\n<div class=\"is-layout-flex wp-container-17 wp-block-columns\">\n<div class=\"is-layout-flow wp-block-column\" style=\"flex-basis:33%\">\n<figure class=\"wp-block-image size-large\"><a href=\"https:\/\/wip-industrie.de\/cs\/leistungen-cs\/prototyping\/\"><img decoding=\"async\" loading=\"lazy\" width=\"600\" height=\"600\" src=\"https:\/\/wip-industrie.de\/wp-content\/uploads\/prototyping3.jpeg\" alt=\"\" class=\"wp-image-585\" srcset=\"https:\/\/wip-industrie.de\/wp-content\/uploads\/prototyping3.jpeg 600w, https:\/\/wip-industrie.de\/wp-content\/uploads\/prototyping3-150x150.jpeg 150w, https:\/\/wip-industrie.de\/wp-content\/uploads\/prototyping3-300x300.jpeg 300w, https:\/\/wip-industrie.de\/wp-content\/uploads\/prototyping3-65x65.jpeg 65w\" sizes=\"(max-width: 600px) 100vw, 600px\" \/><\/a><\/figure>\n<\/div>\n\n\n\n<div class=\"is-layout-flow wp-block-column\">\n<h4>Prototyping<\/h4>\n\n\n\n<p>Firma WIP je k&nbsp;dispozici sv\u00fdm z\u00e1kazn\u00edk\u016fm v&nbsp;pr\u016fb\u011bhu cel\u00e9ho v\u00fdvoje nov\u00e9ho produktu&nbsp;\u2026&nbsp;<a href=\"https:\/\/wip-industrie.de\/cs\/leistungen-cs\/prototyping\/\">\u010d\u00edst d\u00e1l<\/a><\/p>\n<\/div>\n<\/div>\n<\/div>\n<\/div>\n<\/div><\/div>\n\n\n\n<p><\/p>\n","protected":false},"excerpt":{"rendered":"<p>Jak\u00e9 slu\u017eby V\u00e1m firma WiP-Industrie nab\u00edz\u00ed\/s \u010d\u00edm V\u00e1m m\u016f\u017eeme pomoci Soustru\u017een\u00e9 a fr\u00e9zovan\u00e9 d\u00edly Na\u0161e firma se zab\u00fdv\u00e1 p\u0159edev\u0161\u00edm zak\u00e1zkovou v\u00fdrobou soustru\u017een\u00fdch a fr\u00e9zovan\u00fdch d\u00edl\u016f, d\u00edl\u016f vyroben\u00fdch z&nbsp;plechu \u2026&nbsp;\u010d\u00edst d\u00e1l Strojn\u00ed d\u00edly Dal\u0161\u00edm odv\u011btv\u00edm na\u0161\u00ed \u010dinnosti je zak\u00e1zkov\u00e1 v\u00fdroba strojn\u00edch d\u00edl\u016f, d\u00edl\u016f ohran\u011bn\u00fdch a d\u00edlu vypalovan\u00fdch laserem. Dod\u00e1v\u00e1me tak\u00e9 ozuben\u00e1 kola\u2026&nbsp;\u010d\u00edst d\u00e1l Povrchov\u00e9 zpracov\u00e1n\u00ed Firma [&hellip;]<\/p>\n","protected":false},"author":1,"featured_media":0,"parent":0,"menu_order":0,"comment_status":"closed","ping_status":"closed","template":"custom\/page-wide.php","meta":[],"yoast_head":"<!-- This site is optimized with the Yoast SEO plugin v19.11 - https:\/\/yoast.com\/wordpress\/plugins\/seo\/ -->\n<title>Jak\u00e9 slu\u017eby V\u00e1m firma WiP-Industrie nab\u00edz\u00ed\/s \u010d\u00edm V\u00e1m m\u016f\u017eeme pomoci\u00a0 - WiP Industriedienstleistungen<\/title>\n<meta name=\"robots\" content=\"index, follow, max-snippet:-1, max-image-preview:large, max-video-preview:-1\" \/>\n<link rel=\"canonical\" href=\"https:\/\/wip-industrie.de\/cs\/\" \/>\n<meta property=\"og:locale\" content=\"cs_CZ\" \/>\n<meta property=\"og:type\" content=\"article\" \/>\n<meta property=\"og:title\" content=\"Jak\u00e9 slu\u017eby V\u00e1m firma WiP-Industrie nab\u00edz\u00ed\/s \u010d\u00edm V\u00e1m m\u016f\u017eeme pomoci\u00a0 - WiP Industriedienstleistungen\" \/>\n<meta property=\"og:description\" content=\"Jak\u00e9 slu\u017eby V\u00e1m firma WiP-Industrie nab\u00edz\u00ed\/s \u010d\u00edm V\u00e1m m\u016f\u017eeme pomoci Soustru\u017een\u00e9 a fr\u00e9zovan\u00e9 d\u00edly Na\u0161e firma se zab\u00fdv\u00e1 p\u0159edev\u0161\u00edm zak\u00e1zkovou v\u00fdrobou soustru\u017een\u00fdch a fr\u00e9zovan\u00fdch d\u00edl\u016f, d\u00edl\u016f vyroben\u00fdch z&nbsp;plechu \u2026&nbsp;\u010d\u00edst d\u00e1l Strojn\u00ed d\u00edly Dal\u0161\u00edm odv\u011btv\u00edm na\u0161\u00ed \u010dinnosti je zak\u00e1zkov\u00e1 v\u00fdroba strojn\u00edch d\u00edl\u016f, d\u00edl\u016f ohran\u011bn\u00fdch a d\u00edlu vypalovan\u00fdch laserem. Dod\u00e1v\u00e1me tak\u00e9 ozuben\u00e1 kola\u2026&nbsp;\u010d\u00edst d\u00e1l Povrchov\u00e9 zpracov\u00e1n\u00ed Firma [&hellip;]\" \/>\n<meta property=\"og:url\" content=\"https:\/\/wip-industrie.de\/cs\/\" \/>\n<meta property=\"og:site_name\" content=\"WiP Industriedienstleistungen\" \/>\n<meta property=\"article:publisher\" content=\"https:\/\/www.facebook.com\/wipindustrie\" \/>\n<meta property=\"article:modified_time\" content=\"2020-05-06T14:14:48+00:00\" \/>\n<meta property=\"og:image\" content=\"https:\/\/wip-industrie.de\/wp-content\/uploads\/drehteile-und-fraesteile3.jpeg\" \/>\n<meta name=\"twitter:label1\" content=\"Odhadovan\u00e1 doba \u010dten\u00ed\" \/>\n\t<meta name=\"twitter:data1\" content=\"1 minuta\" \/>\n<script type=\"application\/ld+json\" class=\"yoast-schema-graph\">{\"@context\":\"https:\/\/schema.org\",\"@graph\":[{\"@type\":\"WebPage\",\"@id\":\"https:\/\/wip-industrie.de\/cs\/\",\"url\":\"https:\/\/wip-industrie.de\/cs\/\",\"name\":\"Jak\u00e9 slu\u017eby V\u00e1m firma WiP-Industrie nab\u00edz\u00ed\/s \u010d\u00edm V\u00e1m m\u016f\u017eeme pomoci\u00a0 - WiP Industriedienstleistungen\",\"isPartOf\":{\"@id\":\"https:\/\/wip-industrie.de\/#website\"},\"datePublished\":\"2012-09-10T13:36:15+00:00\",\"dateModified\":\"2020-05-06T14:14:48+00:00\",\"breadcrumb\":{\"@id\":\"https:\/\/wip-industrie.de\/cs\/#breadcrumb\"},\"inLanguage\":\"cs\",\"potentialAction\":[{\"@type\":\"ReadAction\",\"target\":[\"https:\/\/wip-industrie.de\/cs\/\"]}]},{\"@type\":\"BreadcrumbList\",\"@id\":\"https:\/\/wip-industrie.de\/cs\/#breadcrumb\",\"itemListElement\":[{\"@type\":\"ListItem\",\"position\":1,\"name\":\"Dom\u016f\",\"item\":\"https:\/\/wip-industrie.de\/cs\/\"},{\"@type\":\"ListItem\",\"position\":2,\"name\":\"Jak\u00e9 slu\u017eby V\u00e1m firma WiP-Industrie nab\u00edz\u00ed\/s \u010d\u00edm V\u00e1m m\u016f\u017eeme pomoci\u00a0\"}]},{\"@type\":\"WebSite\",\"@id\":\"https:\/\/wip-industrie.de\/#website\",\"url\":\"https:\/\/wip-industrie.de\/\",\"name\":\"WiP Industriedienstleistungen\",\"description\":\"Eine weitere WordPress-Seite\",\"potentialAction\":[{\"@type\":\"SearchAction\",\"target\":{\"@type\":\"EntryPoint\",\"urlTemplate\":\"https:\/\/wip-industrie.de\/?s={search_term_string}\"},\"query-input\":\"required name=search_term_string\"}],\"inLanguage\":\"cs\"}]}<\/script>\n<!-- \/ Yoast SEO plugin. -->","yoast_head_json":{"title":"Jak\u00e9 slu\u017eby V\u00e1m firma WiP-Industrie nab\u00edz\u00ed\/s \u010d\u00edm V\u00e1m m\u016f\u017eeme pomoci\u00a0 - WiP Industriedienstleistungen","robots":{"index":"index","follow":"follow","max-snippet":"max-snippet:-1","max-image-preview":"max-image-preview:large","max-video-preview":"max-video-preview:-1"},"canonical":"https:\/\/wip-industrie.de\/cs\/","og_locale":"cs_CZ","og_type":"article","og_title":"Jak\u00e9 slu\u017eby V\u00e1m firma WiP-Industrie nab\u00edz\u00ed\/s \u010d\u00edm V\u00e1m m\u016f\u017eeme pomoci\u00a0 - WiP Industriedienstleistungen","og_description":"Jak\u00e9 slu\u017eby V\u00e1m firma WiP-Industrie nab\u00edz\u00ed\/s \u010d\u00edm V\u00e1m m\u016f\u017eeme pomoci Soustru\u017een\u00e9 a fr\u00e9zovan\u00e9 d\u00edly Na\u0161e firma se zab\u00fdv\u00e1 p\u0159edev\u0161\u00edm zak\u00e1zkovou v\u00fdrobou soustru\u017een\u00fdch a fr\u00e9zovan\u00fdch d\u00edl\u016f, d\u00edl\u016f vyroben\u00fdch z&nbsp;plechu \u2026&nbsp;\u010d\u00edst d\u00e1l Strojn\u00ed d\u00edly Dal\u0161\u00edm odv\u011btv\u00edm na\u0161\u00ed \u010dinnosti je zak\u00e1zkov\u00e1 v\u00fdroba strojn\u00edch d\u00edl\u016f, d\u00edl\u016f ohran\u011bn\u00fdch a d\u00edlu vypalovan\u00fdch laserem. Dod\u00e1v\u00e1me tak\u00e9 ozuben\u00e1 kola\u2026&nbsp;\u010d\u00edst d\u00e1l Povrchov\u00e9 zpracov\u00e1n\u00ed Firma [&hellip;]","og_url":"https:\/\/wip-industrie.de\/cs\/","og_site_name":"WiP Industriedienstleistungen","article_publisher":"https:\/\/www.facebook.com\/wipindustrie","article_modified_time":"2020-05-06T14:14:48+00:00","og_image":[{"url":"https:\/\/wip-industrie.de\/wp-content\/uploads\/drehteile-und-fraesteile3.jpeg"}],"twitter_misc":{"Odhadovan\u00e1 doba \u010dten\u00ed":"1 minuta"},"schema":{"@context":"https:\/\/schema.org","@graph":[{"@type":"WebPage","@id":"https:\/\/wip-industrie.de\/cs\/","url":"https:\/\/wip-industrie.de\/cs\/","name":"Jak\u00e9 slu\u017eby V\u00e1m firma WiP-Industrie nab\u00edz\u00ed\/s \u010d\u00edm V\u00e1m m\u016f\u017eeme pomoci\u00a0 - WiP Industriedienstleistungen","isPartOf":{"@id":"https:\/\/wip-industrie.de\/#website"},"datePublished":"2012-09-10T13:36:15+00:00","dateModified":"2020-05-06T14:14:48+00:00","breadcrumb":{"@id":"https:\/\/wip-industrie.de\/cs\/#breadcrumb"},"inLanguage":"cs","potentialAction":[{"@type":"ReadAction","target":["https:\/\/wip-industrie.de\/cs\/"]}]},{"@type":"BreadcrumbList","@id":"https:\/\/wip-industrie.de\/cs\/#breadcrumb","itemListElement":[{"@type":"ListItem","position":1,"name":"Dom\u016f","item":"https:\/\/wip-industrie.de\/cs\/"},{"@type":"ListItem","position":2,"name":"Jak\u00e9 slu\u017eby V\u00e1m firma WiP-Industrie nab\u00edz\u00ed\/s \u010d\u00edm V\u00e1m m\u016f\u017eeme pomoci\u00a0"}]},{"@type":"WebSite","@id":"https:\/\/wip-industrie.de\/#website","url":"https:\/\/wip-industrie.de\/","name":"WiP Industriedienstleistungen","description":"Eine weitere WordPress-Seite","potentialAction":[{"@type":"SearchAction","target":{"@type":"EntryPoint","urlTemplate":"https:\/\/wip-industrie.de\/?s={search_term_string}"},"query-input":"required name=search_term_string"}],"inLanguage":"cs"}]}},"_links":{"self":[{"href":"https:\/\/wip-industrie.de\/cs\/wp-json\/wp\/v2\/pages\/284"}],"collection":[{"href":"https:\/\/wip-industrie.de\/cs\/wp-json\/wp\/v2\/pages"}],"about":[{"href":"https:\/\/wip-industrie.de\/cs\/wp-json\/wp\/v2\/types\/page"}],"author":[{"embeddable":true,"href":"https:\/\/wip-industrie.de\/cs\/wp-json\/wp\/v2\/users\/1"}],"replies":[{"embeddable":true,"href":"https:\/\/wip-industrie.de\/cs\/wp-json\/wp\/v2\/comments?post=284"}],"version-history":[{"count":8,"href":"https:\/\/wip-industrie.de\/cs\/wp-json\/wp\/v2\/pages\/284\/revisions"}],"predecessor-version":[{"id":1202,"href":"https:\/\/wip-industrie.de\/cs\/wp-json\/wp\/v2\/pages\/284\/revisions\/1202"}],"wp:attachment":[{"href":"https:\/\/wip-industrie.de\/cs\/wp-json\/wp\/v2\/media?parent=284"}],"curies":[{"name":"wp","href":"https:\/\/api.w.org\/{rel}","templated":true}]}}