{"id":255,"date":"2012-09-08T13:11:59","date_gmt":"2012-09-08T11:11:59","guid":{"rendered":"http:\/\/wip-industrie.de\/?page_id=255"},"modified":"2013-01-17T12:36:48","modified_gmt":"2013-01-17T10:36:48","slug":"o-nas","status":"publish","type":"page","link":"https:\/\/wip-industrie.de\/cs\/o-nas\/","title":{"rendered":"O n\u00e1s"},"content":{"rendered":"<p>Firma WIP Industriedienstleistungen je mal\u00e1 \u010desko-n\u011bmeck\u00e1 spole\u010dnost, kter\u00e1 se na trhu pohybuje od roku 2005 a zab\u00fdv\u00e1 se slu\u017ebami v oblasti pr\u016fmyslu. Na\u0161imi z\u00e1kazn\u00edky jsou p\u0159edev\u0161\u00edm n\u011bmeck\u00e9 firmy, kter\u00e9 hledaj\u00ed dodavatele technick\u00fdch produkt\u016f z nejr\u016fzn\u011bj\u0161\u00edch materi\u00e1l\u016f, a to jak prototyp\u016f, tak i velk\u00fdch s\u00e9ri\u00ed. Velice \u010dasto jde i o v\u00fdrobu \/ obstar\u00e1n\u00ed n\u00e1hradn\u00edch d\u00edl\u016f.\u00a0<strong>Specializujeme se na zak\u00e1zkovou v\u00fdrobu v kooperaci<\/strong>.\u00a0D\u00edky na\u0161im odborn\u00fdm technick\u00fdm znalostem a rozs\u00e1hl\u00e9 datab\u00e1zi s n\u00e1mi spolupracuj\u00edc\u00edch firem jsme schopni obstarat na\u0161im z\u00e1kazn\u00edk\u016fm jak\u00e9koli technick\u00e9 produkty ze v\u0161ech oblasti strojn\u00edho pr\u016fmyslu a z\u00e1rove\u0148 sn\u00ed\u017eit jejich n\u00e1klady.\u00a0<strong>Datab\u00e1zi s n\u00e1mi spolupracuj\u00edc\u00edch firem neust\u00e1le aktualizujeme.\u00a0 Pokud hled\u00e1te spolehliv\u00e9ho obchodn\u00edho partnera, kter\u00fd V\u00e1m pom\u016f\u017ee vyt\u00ed\u017eit kapacitu Va\u0161ich stroj\u016f, obra\u0165te se na n\u00e1s!\u00a0<\/strong><\/p>\n<p>Na\u0161e Know-how:<\/p>\n<ul>\n<li>velmi dobr\u00e9 kontakty k firm\u00e1m ze v\u0161ech oblast\u00ed pr\u016fmyslov\u00e9 v\u00fdroby v cel\u00e9 Evrop\u011b<\/li>\n<li>odborn\u00e9 technick\u00e9 znalosti<\/li>\n<li>rychl\u00e9 a flexibiln\u00ed zpracov\u00e1n\u00ed v\u0161ech zak\u00e1zek<\/li>\n<li>v p\u0159\u00edpad\u011b p\u0159\u00e1n\u00ed kompletn\u00ed komunikace v \u010desk\u00e9m jazyce<\/li>\n<li>na trhu jsme od roku 2005, od roku 2011 jsme certifikov\u00e1ni podle DIN ES ISO 9001:2008<\/li>\n<\/ul>\n<h2>Imagefilm WIP Industriedienstleistungen<\/h2>\n<div class=\"rve\" data-content-width=\"\"><iframe loading=\"lazy\" width=\"500\" height=\"375\" src=\"https:\/\/www.youtube.com\/embed\/XX5R-iRaCYY?feature=oembed\" frameborder=\"0\" allowfullscreen><\/iframe><\/div>\n<p><!-- Responsive Video Embeds plugin by www.kevinleary.net --><\/p>\n<p>&nbsp;<\/p>\n<p><a class=\"secondary medium button\" title=\"Kontaktujte n\u00e1s\" href=\"https:\/\/wip-industrie.de\/cs\/kontakty\/\">Kontaktujte n\u00e1s<\/a><\/p>\n","protected":false},"excerpt":{"rendered":"<p>Firma WIP Industriedienstleistungen je mal\u00e1 \u010desko-n\u011bmeck\u00e1 spole\u010dnost, kter\u00e1 se na trhu pohybuje od roku 2005 a zab\u00fdv\u00e1 se slu\u017ebami v oblasti pr\u016fmyslu. Na\u0161imi z\u00e1kazn\u00edky jsou p\u0159edev\u0161\u00edm n\u011bmeck\u00e9 firmy, kter\u00e9 hledaj\u00ed dodavatele technick\u00fdch produkt\u016f z nejr\u016fzn\u011bj\u0161\u00edch materi\u00e1l\u016f, a to jak prototyp\u016f, tak i velk\u00fdch s\u00e9ri\u00ed. Velice \u010dasto jde i o v\u00fdrobu \/ obstar\u00e1n\u00ed n\u00e1hradn\u00edch d\u00edl\u016f.\u00a0Specializujeme se [&hellip;]<\/p>\n","protected":false},"author":1,"featured_media":28,"parent":0,"menu_order":0,"comment_status":"closed","ping_status":"closed","template":"","meta":[],"yoast_head":"<!-- This site is optimized with the Yoast SEO plugin v19.11 - https:\/\/yoast.com\/wordpress\/plugins\/seo\/ -->\n<title>O n\u00e1s - WiP Industriedienstleistungen<\/title>\n<meta name=\"robots\" content=\"index, follow, max-snippet:-1, max-image-preview:large, max-video-preview:-1\" \/>\n<link rel=\"canonical\" href=\"https:\/\/wip-industrie.de\/cs\/o-nas\/\" \/>\n<meta property=\"og:locale\" content=\"cs_CZ\" \/>\n<meta property=\"og:type\" content=\"article\" \/>\n<meta property=\"og:title\" content=\"O n\u00e1s - WiP Industriedienstleistungen\" \/>\n<meta property=\"og:description\" content=\"Firma WIP Industriedienstleistungen je mal\u00e1 \u010desko-n\u011bmeck\u00e1 spole\u010dnost, kter\u00e1 se na trhu pohybuje od roku 2005 a zab\u00fdv\u00e1 se slu\u017ebami v oblasti pr\u016fmyslu. Na\u0161imi z\u00e1kazn\u00edky jsou p\u0159edev\u0161\u00edm n\u011bmeck\u00e9 firmy, kter\u00e9 hledaj\u00ed dodavatele technick\u00fdch produkt\u016f z nejr\u016fzn\u011bj\u0161\u00edch materi\u00e1l\u016f, a to jak prototyp\u016f, tak i velk\u00fdch s\u00e9ri\u00ed. Velice \u010dasto jde i o v\u00fdrobu \/ obstar\u00e1n\u00ed n\u00e1hradn\u00edch d\u00edl\u016f.\u00a0Specializujeme se [&hellip;]\" \/>\n<meta property=\"og:url\" content=\"https:\/\/wip-industrie.de\/cs\/o-nas\/\" \/>\n<meta property=\"og:site_name\" content=\"WiP Industriedienstleistungen\" \/>\n<meta property=\"article:publisher\" content=\"https:\/\/www.facebook.com\/wipindustrie\" \/>\n<meta property=\"article:modified_time\" content=\"2013-01-17T10:36:48+00:00\" \/>\n<meta property=\"og:image\" content=\"https:\/\/wip-industrie.de\/wp-content\/uploads\/2012\/07\/Artikelbild-3600-960-2001.jpg\" \/>\n\t<meta property=\"og:image:width\" content=\"970\" \/>\n\t<meta property=\"og:image:height\" content=\"200\" \/>\n\t<meta property=\"og:image:type\" content=\"image\/jpeg\" \/>\n<meta name=\"twitter:label1\" content=\"Odhadovan\u00e1 doba \u010dten\u00ed\" \/>\n\t<meta name=\"twitter:data1\" content=\"1 minuta\" \/>\n<script type=\"application\/ld+json\" class=\"yoast-schema-graph\">{\"@context\":\"https:\/\/schema.org\",\"@graph\":[{\"@type\":\"WebPage\",\"@id\":\"https:\/\/wip-industrie.de\/cs\/o-nas\/\",\"url\":\"https:\/\/wip-industrie.de\/cs\/o-nas\/\",\"name\":\"O n\u00e1s - WiP Industriedienstleistungen\",\"isPartOf\":{\"@id\":\"https:\/\/wip-industrie.de\/#website\"},\"datePublished\":\"2012-09-08T11:11:59+00:00\",\"dateModified\":\"2013-01-17T10:36:48+00:00\",\"breadcrumb\":{\"@id\":\"https:\/\/wip-industrie.de\/cs\/o-nas\/#breadcrumb\"},\"inLanguage\":\"cs\",\"potentialAction\":[{\"@type\":\"ReadAction\",\"target\":[\"https:\/\/wip-industrie.de\/cs\/o-nas\/\"]}]},{\"@type\":\"BreadcrumbList\",\"@id\":\"https:\/\/wip-industrie.de\/cs\/o-nas\/#breadcrumb\",\"itemListElement\":[{\"@type\":\"ListItem\",\"position\":1,\"name\":\"Dom\u016f\",\"item\":\"https:\/\/wip-industrie.de\/cs\/\"},{\"@type\":\"ListItem\",\"position\":2,\"name\":\"O n\u00e1s\"}]},{\"@type\":\"WebSite\",\"@id\":\"https:\/\/wip-industrie.de\/#website\",\"url\":\"https:\/\/wip-industrie.de\/\",\"name\":\"WiP Industriedienstleistungen\",\"description\":\"Eine weitere WordPress-Seite\",\"potentialAction\":[{\"@type\":\"SearchAction\",\"target\":{\"@type\":\"EntryPoint\",\"urlTemplate\":\"https:\/\/wip-industrie.de\/?s={search_term_string}\"},\"query-input\":\"required name=search_term_string\"}],\"inLanguage\":\"cs\"}]}<\/script>\n<!-- \/ Yoast SEO plugin. -->","yoast_head_json":{"title":"O n\u00e1s - WiP Industriedienstleistungen","robots":{"index":"index","follow":"follow","max-snippet":"max-snippet:-1","max-image-preview":"max-image-preview:large","max-video-preview":"max-video-preview:-1"},"canonical":"https:\/\/wip-industrie.de\/cs\/o-nas\/","og_locale":"cs_CZ","og_type":"article","og_title":"O n\u00e1s - WiP Industriedienstleistungen","og_description":"Firma WIP Industriedienstleistungen je mal\u00e1 \u010desko-n\u011bmeck\u00e1 spole\u010dnost, kter\u00e1 se na trhu pohybuje od roku 2005 a zab\u00fdv\u00e1 se slu\u017ebami v oblasti pr\u016fmyslu. Na\u0161imi z\u00e1kazn\u00edky jsou p\u0159edev\u0161\u00edm n\u011bmeck\u00e9 firmy, kter\u00e9 hledaj\u00ed dodavatele technick\u00fdch produkt\u016f z nejr\u016fzn\u011bj\u0161\u00edch materi\u00e1l\u016f, a to jak prototyp\u016f, tak i velk\u00fdch s\u00e9ri\u00ed. Velice \u010dasto jde i o v\u00fdrobu \/ obstar\u00e1n\u00ed n\u00e1hradn\u00edch d\u00edl\u016f.\u00a0Specializujeme se [&hellip;]","og_url":"https:\/\/wip-industrie.de\/cs\/o-nas\/","og_site_name":"WiP Industriedienstleistungen","article_publisher":"https:\/\/www.facebook.com\/wipindustrie","article_modified_time":"2013-01-17T10:36:48+00:00","og_image":[{"width":"970","height":"200","url":"https:\/\/wip-industrie.de\/wp-content\/uploads\/2012\/07\/Artikelbild-3600-960-2001.jpg","type":"image\/jpeg"}],"twitter_misc":{"Odhadovan\u00e1 doba \u010dten\u00ed":"1 minuta"},"schema":{"@context":"https:\/\/schema.org","@graph":[{"@type":"WebPage","@id":"https:\/\/wip-industrie.de\/cs\/o-nas\/","url":"https:\/\/wip-industrie.de\/cs\/o-nas\/","name":"O n\u00e1s - WiP Industriedienstleistungen","isPartOf":{"@id":"https:\/\/wip-industrie.de\/#website"},"datePublished":"2012-09-08T11:11:59+00:00","dateModified":"2013-01-17T10:36:48+00:00","breadcrumb":{"@id":"https:\/\/wip-industrie.de\/cs\/o-nas\/#breadcrumb"},"inLanguage":"cs","potentialAction":[{"@type":"ReadAction","target":["https:\/\/wip-industrie.de\/cs\/o-nas\/"]}]},{"@type":"BreadcrumbList","@id":"https:\/\/wip-industrie.de\/cs\/o-nas\/#breadcrumb","itemListElement":[{"@type":"ListItem","position":1,"name":"Dom\u016f","item":"https:\/\/wip-industrie.de\/cs\/"},{"@type":"ListItem","position":2,"name":"O n\u00e1s"}]},{"@type":"WebSite","@id":"https:\/\/wip-industrie.de\/#website","url":"https:\/\/wip-industrie.de\/","name":"WiP Industriedienstleistungen","description":"Eine weitere WordPress-Seite","potentialAction":[{"@type":"SearchAction","target":{"@type":"EntryPoint","urlTemplate":"https:\/\/wip-industrie.de\/?s={search_term_string}"},"query-input":"required name=search_term_string"}],"inLanguage":"cs"}]}},"_links":{"self":[{"href":"https:\/\/wip-industrie.de\/cs\/wp-json\/wp\/v2\/pages\/255"}],"collection":[{"href":"https:\/\/wip-industrie.de\/cs\/wp-json\/wp\/v2\/pages"}],"about":[{"href":"https:\/\/wip-industrie.de\/cs\/wp-json\/wp\/v2\/types\/page"}],"author":[{"embeddable":true,"href":"https:\/\/wip-industrie.de\/cs\/wp-json\/wp\/v2\/users\/1"}],"replies":[{"embeddable":true,"href":"https:\/\/wip-industrie.de\/cs\/wp-json\/wp\/v2\/comments?post=255"}],"version-history":[{"count":10,"href":"https:\/\/wip-industrie.de\/cs\/wp-json\/wp\/v2\/pages\/255\/revisions"}],"predecessor-version":[{"id":935,"href":"https:\/\/wip-industrie.de\/cs\/wp-json\/wp\/v2\/pages\/255\/revisions\/935"}],"wp:featuredmedia":[{"embeddable":true,"href":"https:\/\/wip-industrie.de\/cs\/wp-json\/wp\/v2\/media\/28"}],"wp:attachment":[{"href":"https:\/\/wip-industrie.de\/cs\/wp-json\/wp\/v2\/media?parent=255"}],"curies":[{"name":"wp","href":"https:\/\/api.w.org\/{rel}","templated":true}]}}