{"id":130,"date":"2012-09-03T16:55:08","date_gmt":"2012-09-03T14:55:08","guid":{"rendered":"http:\/\/wip-industrie.dev\/?page_id=130"},"modified":"2017-10-12T18:05:45","modified_gmt":"2017-10-12T16:05:45","slug":"kontakty","status":"publish","type":"page","link":"https:\/\/wip-industrie.de\/cs\/kontakty\/","title":{"rendered":"Kontakty"},"content":{"rendered":"<p><strong>WIP-Industriedienstleistungen<\/strong><br \/>\nInhaber, Gesch\u00e4ftsf\u00fchrer: Dieter Westerwalbesloh<\/p>\n<p>Am Hang 7<br \/>\nD-33415 Verl<br \/>\nGermany<\/p>\n<p>Tel: <a href=\"tel:+495246932570\">+49 5246 932570<\/a><br \/>\nFax: +49 5246 931178<br \/>\neMail: <a href=\"mailto:info@wip-industrie.de\">info@WiP-Industrie.de<\/a><\/p>\n<h3>Kontaktn\u00ed formul\u00e1\u0159<\/h3>\n<div role=\"form\" class=\"wpcf7\" id=\"wpcf7-f690-o1\" lang=\"en-US\" dir=\"ltr\">\n<div class=\"screen-reader-response\"><p role=\"status\" aria-live=\"polite\" aria-atomic=\"true\"><\/p> <ul><\/ul><\/div>\n<form action=\"\/cs\/wp-json\/wp\/v2\/pages\/130#wpcf7-f690-o1\" method=\"post\" class=\"wpcf7-form init wpcf7-acceptance-as-validation\" novalidate=\"novalidate\" data-status=\"init\">\n<div style=\"display: none;\">\n<input type=\"hidden\" name=\"_wpcf7\" value=\"690\" \/>\n<input type=\"hidden\" name=\"_wpcf7_version\" value=\"5.6.4\" \/>\n<input type=\"hidden\" name=\"_wpcf7_locale\" value=\"en_US\" \/>\n<input type=\"hidden\" name=\"_wpcf7_unit_tag\" value=\"wpcf7-f690-o1\" \/>\n<input type=\"hidden\" name=\"_wpcf7_container_post\" value=\"0\" \/>\n<input type=\"hidden\" name=\"_wpcf7_posted_data_hash\" value=\"\" \/>\n<\/div>\n<p>Va\u0161e jm\u00e9no (vy\u017eadov\u00e1no)<br \/>\n    <span class=\"wpcf7-form-control-wrap\" data-name=\"your-name\"><input type=\"text\" name=\"your-name\" value=\"\" size=\"40\" class=\"wpcf7-form-control wpcf7-text wpcf7-validates-as-required\" aria-required=\"true\" aria-invalid=\"false\" \/><\/span> <\/p>\n<p>V\u00e1\u0161 email (vy\u017eadov\u00e1no)<br \/>\n    <span class=\"wpcf7-form-control-wrap\" data-name=\"your-email\"><input type=\"email\" name=\"your-email\" value=\"\" size=\"40\" class=\"wpcf7-form-control wpcf7-text wpcf7-email wpcf7-validates-as-required wpcf7-validates-as-email\" aria-required=\"true\" aria-invalid=\"false\" \/><\/span> <\/p>\n<p>P\u0159edm\u011bt<br \/>\n    <span class=\"wpcf7-form-control-wrap\" data-name=\"your-subject\"><input type=\"text\" name=\"your-subject\" value=\"\" size=\"40\" class=\"wpcf7-form-control wpcf7-text\" aria-invalid=\"false\" \/><\/span> <\/p>\n<p>Va\u0161e zpr\u00e1va<br \/>\n    <span class=\"wpcf7-form-control-wrap\" data-name=\"your-message\"><textarea name=\"your-message\" cols=\"40\" rows=\"10\" class=\"wpcf7-form-control wpcf7-textarea\" aria-invalid=\"false\"><\/textarea><\/span> <\/p>\n<p><span class=\"wpcf7-form-control-wrap\" data-name=\"accept-this\"><span class=\"wpcf7-form-control wpcf7-acceptance\"><span class=\"wpcf7-list-item\"><label><input type=\"checkbox\" name=\"accept-this\" value=\"1\" aria-invalid=\"false\" \/><span class=\"wpcf7-list-item-label\">Pou\u017eit\u00edm tohoto formul\u00e1\u0159e souhlas\u00edte s ukl\u00e1d\u00e1n\u00edm a zpracov\u00e1v\u00e1n\u00edm dat prost\u0159ednictv\u00edm t\u011bchto webov\u00fdch str\u00e1nek.<\/span><\/label><\/span><\/span><\/span><\/p>\n<p><input type=\"submit\" value=\"Odeslat\" class=\"wpcf7-form-control has-spinner wpcf7-submit button medium secondary\" \/><\/p>\n<div class=\"wpcf7-response-output\" aria-hidden=\"true\"><\/div><\/form><\/div>\n","protected":false},"excerpt":{"rendered":"<p>WIP-Industriedienstleistungen Inhaber, Gesch\u00e4ftsf\u00fchrer: Dieter Westerwalbesloh Am Hang 7 D-33415 Verl Germany Tel: +49 5246 932570 Fax: +49 5246 931178 eMail: info@WiP-Industrie.de Kontaktn\u00ed formul\u00e1\u0159<\/p>\n","protected":false},"author":1,"featured_media":184,"parent":0,"menu_order":0,"comment_status":"closed","ping_status":"closed","template":"custom\/page-kontakt.php","meta":[],"yoast_head":"<!-- This site is optimized with the Yoast SEO plugin v19.11 - https:\/\/yoast.com\/wordpress\/plugins\/seo\/ -->\n<title>Kontakty - WiP Industriedienstleistungen<\/title>\n<meta name=\"robots\" content=\"index, follow, max-snippet:-1, max-image-preview:large, max-video-preview:-1\" \/>\n<link rel=\"canonical\" href=\"https:\/\/wip-industrie.de\/cs\/kontakty\/\" \/>\n<meta property=\"og:locale\" content=\"cs_CZ\" \/>\n<meta property=\"og:type\" content=\"article\" \/>\n<meta property=\"og:title\" content=\"Kontakty - WiP Industriedienstleistungen\" \/>\n<meta property=\"og:description\" content=\"WIP-Industriedienstleistungen Inhaber, Gesch\u00e4ftsf\u00fchrer: Dieter Westerwalbesloh Am Hang 7 D-33415 Verl Germany Tel: +49 5246 932570 Fax: +49 5246 931178 eMail: info@WiP-Industrie.de Kontaktn\u00ed formul\u00e1\u0159\" \/>\n<meta property=\"og:url\" content=\"https:\/\/wip-industrie.de\/cs\/kontakty\/\" \/>\n<meta property=\"og:site_name\" content=\"WiP Industriedienstleistungen\" \/>\n<meta property=\"article:publisher\" content=\"https:\/\/www.facebook.com\/wipindustrie\" \/>\n<meta property=\"article:modified_time\" content=\"2017-10-12T16:05:45+00:00\" \/>\n<meta property=\"og:image\" content=\"https:\/\/wip-industrie.de\/wp-content\/uploads\/2012\/09\/maschinenteile2-artikel.jpg\" \/>\n\t<meta property=\"og:image:width\" content=\"970\" \/>\n\t<meta property=\"og:image:height\" content=\"200\" \/>\n\t<meta property=\"og:image:type\" content=\"image\/jpeg\" \/>\n<script type=\"application\/ld+json\" class=\"yoast-schema-graph\">{\"@context\":\"https:\/\/schema.org\",\"@graph\":[{\"@type\":\"WebPage\",\"@id\":\"https:\/\/wip-industrie.de\/cs\/kontakty\/\",\"url\":\"https:\/\/wip-industrie.de\/cs\/kontakty\/\",\"name\":\"Kontakty - WiP Industriedienstleistungen\",\"isPartOf\":{\"@id\":\"https:\/\/wip-industrie.de\/#website\"},\"datePublished\":\"2012-09-03T14:55:08+00:00\",\"dateModified\":\"2017-10-12T16:05:45+00:00\",\"breadcrumb\":{\"@id\":\"https:\/\/wip-industrie.de\/cs\/kontakty\/#breadcrumb\"},\"inLanguage\":\"cs\",\"potentialAction\":[{\"@type\":\"ReadAction\",\"target\":[\"https:\/\/wip-industrie.de\/cs\/kontakty\/\"]}]},{\"@type\":\"BreadcrumbList\",\"@id\":\"https:\/\/wip-industrie.de\/cs\/kontakty\/#breadcrumb\",\"itemListElement\":[{\"@type\":\"ListItem\",\"position\":1,\"name\":\"Dom\u016f\",\"item\":\"https:\/\/wip-industrie.de\/cs\/\"},{\"@type\":\"ListItem\",\"position\":2,\"name\":\"Kontakty\"}]},{\"@type\":\"WebSite\",\"@id\":\"https:\/\/wip-industrie.de\/#website\",\"url\":\"https:\/\/wip-industrie.de\/\",\"name\":\"WiP Industriedienstleistungen\",\"description\":\"Eine weitere WordPress-Seite\",\"potentialAction\":[{\"@type\":\"SearchAction\",\"target\":{\"@type\":\"EntryPoint\",\"urlTemplate\":\"https:\/\/wip-industrie.de\/?s={search_term_string}\"},\"query-input\":\"required name=search_term_string\"}],\"inLanguage\":\"cs\"}]}<\/script>\n<!-- \/ Yoast SEO plugin. -->","yoast_head_json":{"title":"Kontakty - WiP Industriedienstleistungen","robots":{"index":"index","follow":"follow","max-snippet":"max-snippet:-1","max-image-preview":"max-image-preview:large","max-video-preview":"max-video-preview:-1"},"canonical":"https:\/\/wip-industrie.de\/cs\/kontakty\/","og_locale":"cs_CZ","og_type":"article","og_title":"Kontakty - WiP Industriedienstleistungen","og_description":"WIP-Industriedienstleistungen Inhaber, Gesch\u00e4ftsf\u00fchrer: Dieter Westerwalbesloh Am Hang 7 D-33415 Verl Germany Tel: +49 5246 932570 Fax: +49 5246 931178 eMail: info@WiP-Industrie.de Kontaktn\u00ed formul\u00e1\u0159","og_url":"https:\/\/wip-industrie.de\/cs\/kontakty\/","og_site_name":"WiP Industriedienstleistungen","article_publisher":"https:\/\/www.facebook.com\/wipindustrie","article_modified_time":"2017-10-12T16:05:45+00:00","og_image":[{"width":"970","height":"200","url":"https:\/\/wip-industrie.de\/wp-content\/uploads\/2012\/09\/maschinenteile2-artikel.jpg","type":"image\/jpeg"}],"schema":{"@context":"https:\/\/schema.org","@graph":[{"@type":"WebPage","@id":"https:\/\/wip-industrie.de\/cs\/kontakty\/","url":"https:\/\/wip-industrie.de\/cs\/kontakty\/","name":"Kontakty - WiP Industriedienstleistungen","isPartOf":{"@id":"https:\/\/wip-industrie.de\/#website"},"datePublished":"2012-09-03T14:55:08+00:00","dateModified":"2017-10-12T16:05:45+00:00","breadcrumb":{"@id":"https:\/\/wip-industrie.de\/cs\/kontakty\/#breadcrumb"},"inLanguage":"cs","potentialAction":[{"@type":"ReadAction","target":["https:\/\/wip-industrie.de\/cs\/kontakty\/"]}]},{"@type":"BreadcrumbList","@id":"https:\/\/wip-industrie.de\/cs\/kontakty\/#breadcrumb","itemListElement":[{"@type":"ListItem","position":1,"name":"Dom\u016f","item":"https:\/\/wip-industrie.de\/cs\/"},{"@type":"ListItem","position":2,"name":"Kontakty"}]},{"@type":"WebSite","@id":"https:\/\/wip-industrie.de\/#website","url":"https:\/\/wip-industrie.de\/","name":"WiP Industriedienstleistungen","description":"Eine weitere WordPress-Seite","potentialAction":[{"@type":"SearchAction","target":{"@type":"EntryPoint","urlTemplate":"https:\/\/wip-industrie.de\/?s={search_term_string}"},"query-input":"required name=search_term_string"}],"inLanguage":"cs"}]}},"_links":{"self":[{"href":"https:\/\/wip-industrie.de\/cs\/wp-json\/wp\/v2\/pages\/130"}],"collection":[{"href":"https:\/\/wip-industrie.de\/cs\/wp-json\/wp\/v2\/pages"}],"about":[{"href":"https:\/\/wip-industrie.de\/cs\/wp-json\/wp\/v2\/types\/page"}],"author":[{"embeddable":true,"href":"https:\/\/wip-industrie.de\/cs\/wp-json\/wp\/v2\/users\/1"}],"replies":[{"embeddable":true,"href":"https:\/\/wip-industrie.de\/cs\/wp-json\/wp\/v2\/comments?post=130"}],"version-history":[{"count":11,"href":"https:\/\/wip-industrie.de\/cs\/wp-json\/wp\/v2\/pages\/130\/revisions"}],"predecessor-version":[{"id":980,"href":"https:\/\/wip-industrie.de\/cs\/wp-json\/wp\/v2\/pages\/130\/revisions\/980"}],"wp:featuredmedia":[{"embeddable":true,"href":"https:\/\/wip-industrie.de\/cs\/wp-json\/wp\/v2\/media\/184"}],"wp:attachment":[{"href":"https:\/\/wip-industrie.de\/cs\/wp-json\/wp\/v2\/media?parent=130"}],"curies":[{"name":"wp","href":"https:\/\/api.w.org\/{rel}","templated":true}]}}